{"id":5326,"date":"2020-02-12T18:06:07","date_gmt":"2020-02-12T18:06:07","guid":{"rendered":"https:\/\/vejerproperties.com\/costa-de-la-luz\/"},"modified":"2023-10-31T16:46:28","modified_gmt":"2023-10-31T16:46:28","slug":"costa-de-la-luz","status":"publish","type":"page","link":"https:\/\/vejerproperties.com\/es\/costa-de-la-luz\/","title":{"rendered":"Costa de la Luz"},"content":{"rendered":"<div class=\"wpb-content-wrapper\"><p>[vc_row][vc_column][vc_column_text]<\/p>\n<h3>Costa de la Luz<\/h3>\n<p>La Costa de la Luz es un secreto, conocido solo por los espa\u00f1oles que vacacionan all\u00ed y por el exigente residente o visitante extranjero. Costa de la Luz es un contraste sorprendente con la costa mediterr\u00e1nea m\u00e1s comercializada y est\u00e1 mucho menos desarrollada que muchas otras costas. Esta \u00e1rea digna y sin descubrir est\u00e1 llena de restos romanos, antiguos asentamientos \u00e1rabes, hermosos paisajes y hermosas playas, y est\u00e1 poblada por encantadores andaluces orgullosos de su excelente comida y excelentes vinos. Aunque otros europeos han venido en peque\u00f1as cantidades a la Costa de la Luz durante unos a\u00f1os, esta \u00e1rea diversa nunca ha sido estropeada por el turismo de masas y es probablemente el secreto mejor guardado en Espa\u00f1a.[\/vc_column_text][\/vc_column][\/vc_row][vc_row][vc_column][vc_column_text]<\/p>\n<h3>Compra de propiedad en Costa de la Luz<\/h3>\n<p>Cada vez m\u00e1s, los compradores brit\u00e1nicos miran m\u00e1s all\u00e1 de las costas tradicionales como la Costa del Sol y la Costa Brava, muy populares, pero pueden ser costosas y ocasionalmente hacinadas, especialmente en la costa, y han comenzado a recurrir a la Costa de la Luz menos desarrollada. Adem\u00e1s de ser un lugar extremadamente deseable para comprar una propiedad, ya sea para inversi\u00f3n o uso personal, Costa de la Luz ofrece un excelente valor en comparaci\u00f3n con el resto de Espa\u00f1a y el Reino Unido, con precios de propiedades desde \u20ac 1,500 por metro cuadrado.[\/vc_column_text][\/vc_column][\/vc_row][vc_row][vc_column][vc_column_text]<\/p>\n<h3>Viajando a la Costa de la Luz<\/h3>\n<p>La industria del turismo en Espa\u00f1a contin\u00faa prosperando con turistas que viajan principalmente a Espa\u00f1a desde Francia, B\u00e9lgica, Holanda, Dinamarca, Suecia, Alemania y el Reino Unido. El \u00e1rea sigue siendo popular entre muchos turistas espa\u00f1oles de toda Espa\u00f1a. Mientras tanto, el aumento de las conexiones a\u00e9reas baratas y asequibles desde muchas ciudades europeas a aeropuertos como Jerez, Gibraltar, Sevilla, M\u00e1laga y Faro hace que viajar a la Costa de la Luz sea mucho m\u00e1s f\u00e1cil.[\/vc_column_text][\/vc_column][\/vc_row]<\/p>\n<\/div>","protected":false},"excerpt":{"rendered":"<p>[vc_row][vc_column][vc_column_text] Costa de la Luz La Costa de la Luz es un secreto, conocido solo por los espa\u00f1oles que vacacionan all\u00ed y por el exigente residente o visitante extranjero. Costa de la Luz es un contraste sorprendente con la costa mediterr\u00e1nea m\u00e1s comercializada y est\u00e1 mucho menos desarrollada que muchas otras costas. Esta \u00e1rea digna [&hellip;]<\/p>\n","protected":false},"author":1,"featured_media":0,"parent":0,"menu_order":0,"comment_status":"closed","ping_status":"closed","template":"","meta":{"_monsterinsights_skip_tracking":false,"_monsterinsights_sitenote_active":false,"_monsterinsights_sitenote_note":"","_monsterinsights_sitenote_category":0,"footnotes":""},"class_list":["post-5326","page","type-page","status-publish","hentry"],"yoast_head":"<!-- This site is optimized with the Yoast SEO plugin v27.4 - https:\/\/yoast.com\/product\/yoast-seo-wordpress\/ -->\n<title>Costa de la Luz - De la Luz Properties<\/title>\n<meta name=\"robots\" content=\"index, follow, max-snippet:-1, max-image-preview:large, max-video-preview:-1\" \/>\n<link rel=\"canonical\" href=\"https:\/\/vejerproperties.com\/es\/costa-de-la-luz\/\" \/>\n<meta property=\"og:locale\" content=\"es_ES\" \/>\n<meta property=\"og:type\" content=\"article\" \/>\n<meta property=\"og:title\" content=\"Costa de la Luz - De la Luz Properties\" \/>\n<meta property=\"og:description\" content=\"[vc_row][vc_column][vc_column_text] Costa de la Luz La Costa de la Luz es un secreto, conocido solo por los espa\u00f1oles que vacacionan all\u00ed y por el exigente residente o visitante extranjero. Costa de la Luz es un contraste sorprendente con la costa mediterr\u00e1nea m\u00e1s comercializada y est\u00e1 mucho menos desarrollada que muchas otras costas. Esta \u00e1rea digna [&hellip;]\" \/>\n<meta property=\"og:url\" content=\"https:\/\/vejerproperties.com\/es\/costa-de-la-luz\/\" \/>\n<meta property=\"og:site_name\" content=\"De la Luz Properties\" \/>\n<meta property=\"article:modified_time\" content=\"2023-10-31T16:46:28+00:00\" \/>\n<meta name=\"twitter:card\" content=\"summary_large_image\" \/>\n<meta name=\"twitter:label1\" content=\"Tiempo de lectura\" \/>\n\t<meta name=\"twitter:data1\" content=\"2 minutos\" \/>\n<script type=\"application\/ld+json\" class=\"yoast-schema-graph\">{\"@context\":\"https:\\\/\\\/schema.org\",\"@graph\":[{\"@type\":\"WebPage\",\"@id\":\"https:\\\/\\\/vejerproperties.com\\\/es\\\/costa-de-la-luz\\\/\",\"url\":\"https:\\\/\\\/vejerproperties.com\\\/es\\\/costa-de-la-luz\\\/\",\"name\":\"Costa de la Luz - De la Luz Properties\",\"isPartOf\":{\"@id\":\"https:\\\/\\\/vejerproperties.com\\\/es\\\/#website\"},\"datePublished\":\"2020-02-12T18:06:07+00:00\",\"dateModified\":\"2023-10-31T16:46:28+00:00\",\"breadcrumb\":{\"@id\":\"https:\\\/\\\/vejerproperties.com\\\/es\\\/costa-de-la-luz\\\/#breadcrumb\"},\"inLanguage\":\"es\",\"potentialAction\":[{\"@type\":\"ReadAction\",\"target\":[\"https:\\\/\\\/vejerproperties.com\\\/es\\\/costa-de-la-luz\\\/\"]}]},{\"@type\":\"BreadcrumbList\",\"@id\":\"https:\\\/\\\/vejerproperties.com\\\/es\\\/costa-de-la-luz\\\/#breadcrumb\",\"itemListElement\":[{\"@type\":\"ListItem\",\"position\":1,\"name\":\"Home\",\"item\":\"https:\\\/\\\/vejerproperties.com\\\/es\\\/\"},{\"@type\":\"ListItem\",\"position\":2,\"name\":\"Costa de la Luz\"}]},{\"@type\":\"WebSite\",\"@id\":\"https:\\\/\\\/vejerproperties.com\\\/es\\\/#website\",\"url\":\"https:\\\/\\\/vejerproperties.com\\\/es\\\/\",\"name\":\"De la Luz Properties\",\"description\":\"Spanish Estate Agent\",\"publisher\":{\"@id\":\"https:\\\/\\\/vejerproperties.com\\\/es\\\/#organization\"},\"potentialAction\":[{\"@type\":\"SearchAction\",\"target\":{\"@type\":\"EntryPoint\",\"urlTemplate\":\"https:\\\/\\\/vejerproperties.com\\\/es\\\/?s={search_term_string}\"},\"query-input\":{\"@type\":\"PropertyValueSpecification\",\"valueRequired\":true,\"valueName\":\"search_term_string\"}}],\"inLanguage\":\"es\"},{\"@type\":\"Organization\",\"@id\":\"https:\\\/\\\/vejerproperties.com\\\/es\\\/#organization\",\"name\":\"De la Luz Properties\",\"url\":\"https:\\\/\\\/vejerproperties.com\\\/es\\\/\",\"logo\":{\"@type\":\"ImageObject\",\"inLanguage\":\"es\",\"@id\":\"https:\\\/\\\/vejerproperties.com\\\/es\\\/#\\\/schema\\\/logo\\\/image\\\/\",\"url\":\"https:\\\/\\\/vejerproperties.com\\\/wp-content\\\/uploads\\\/2018\\\/02\\\/de-la-luz-logo.png\",\"contentUrl\":\"https:\\\/\\\/vejerproperties.com\\\/wp-content\\\/uploads\\\/2018\\\/02\\\/de-la-luz-logo.png\",\"width\":181,\"height\":71,\"caption\":\"De la Luz Properties\"},\"image\":{\"@id\":\"https:\\\/\\\/vejerproperties.com\\\/es\\\/#\\\/schema\\\/logo\\\/image\\\/\"}}]}<\/script>\n<!-- \/ Yoast SEO plugin. -->","yoast_head_json":{"title":"Costa de la Luz - De la Luz Properties","robots":{"index":"index","follow":"follow","max-snippet":"max-snippet:-1","max-image-preview":"max-image-preview:large","max-video-preview":"max-video-preview:-1"},"canonical":"https:\/\/vejerproperties.com\/es\/costa-de-la-luz\/","og_locale":"es_ES","og_type":"article","og_title":"Costa de la Luz - De la Luz Properties","og_description":"[vc_row][vc_column][vc_column_text] Costa de la Luz La Costa de la Luz es un secreto, conocido solo por los espa\u00f1oles que vacacionan all\u00ed y por el exigente residente o visitante extranjero. Costa de la Luz es un contraste sorprendente con la costa mediterr\u00e1nea m\u00e1s comercializada y est\u00e1 mucho menos desarrollada que muchas otras costas. Esta \u00e1rea digna [&hellip;]","og_url":"https:\/\/vejerproperties.com\/es\/costa-de-la-luz\/","og_site_name":"De la Luz Properties","article_modified_time":"2023-10-31T16:46:28+00:00","twitter_card":"summary_large_image","twitter_misc":{"Tiempo de lectura":"2 minutos"},"schema":{"@context":"https:\/\/schema.org","@graph":[{"@type":"WebPage","@id":"https:\/\/vejerproperties.com\/es\/costa-de-la-luz\/","url":"https:\/\/vejerproperties.com\/es\/costa-de-la-luz\/","name":"Costa de la Luz - De la Luz Properties","isPartOf":{"@id":"https:\/\/vejerproperties.com\/es\/#website"},"datePublished":"2020-02-12T18:06:07+00:00","dateModified":"2023-10-31T16:46:28+00:00","breadcrumb":{"@id":"https:\/\/vejerproperties.com\/es\/costa-de-la-luz\/#breadcrumb"},"inLanguage":"es","potentialAction":[{"@type":"ReadAction","target":["https:\/\/vejerproperties.com\/es\/costa-de-la-luz\/"]}]},{"@type":"BreadcrumbList","@id":"https:\/\/vejerproperties.com\/es\/costa-de-la-luz\/#breadcrumb","itemListElement":[{"@type":"ListItem","position":1,"name":"Home","item":"https:\/\/vejerproperties.com\/es\/"},{"@type":"ListItem","position":2,"name":"Costa de la Luz"}]},{"@type":"WebSite","@id":"https:\/\/vejerproperties.com\/es\/#website","url":"https:\/\/vejerproperties.com\/es\/","name":"De la Luz Properties","description":"Spanish Estate Agent","publisher":{"@id":"https:\/\/vejerproperties.com\/es\/#organization"},"potentialAction":[{"@type":"SearchAction","target":{"@type":"EntryPoint","urlTemplate":"https:\/\/vejerproperties.com\/es\/?s={search_term_string}"},"query-input":{"@type":"PropertyValueSpecification","valueRequired":true,"valueName":"search_term_string"}}],"inLanguage":"es"},{"@type":"Organization","@id":"https:\/\/vejerproperties.com\/es\/#organization","name":"De la Luz Properties","url":"https:\/\/vejerproperties.com\/es\/","logo":{"@type":"ImageObject","inLanguage":"es","@id":"https:\/\/vejerproperties.com\/es\/#\/schema\/logo\/image\/","url":"https:\/\/vejerproperties.com\/wp-content\/uploads\/2018\/02\/de-la-luz-logo.png","contentUrl":"https:\/\/vejerproperties.com\/wp-content\/uploads\/2018\/02\/de-la-luz-logo.png","width":181,"height":71,"caption":"De la Luz Properties"},"image":{"@id":"https:\/\/vejerproperties.com\/es\/#\/schema\/logo\/image\/"}}]}},"_links":{"self":[{"href":"https:\/\/vejerproperties.com\/es\/wp-json\/wp\/v2\/pages\/5326","targetHints":{"allow":["GET"]}}],"collection":[{"href":"https:\/\/vejerproperties.com\/es\/wp-json\/wp\/v2\/pages"}],"about":[{"href":"https:\/\/vejerproperties.com\/es\/wp-json\/wp\/v2\/types\/page"}],"author":[{"embeddable":true,"href":"https:\/\/vejerproperties.com\/es\/wp-json\/wp\/v2\/users\/1"}],"replies":[{"embeddable":true,"href":"https:\/\/vejerproperties.com\/es\/wp-json\/wp\/v2\/comments?post=5326"}],"version-history":[{"count":13,"href":"https:\/\/vejerproperties.com\/es\/wp-json\/wp\/v2\/pages\/5326\/revisions"}],"predecessor-version":[{"id":10896,"href":"https:\/\/vejerproperties.com\/es\/wp-json\/wp\/v2\/pages\/5326\/revisions\/10896"}],"wp:attachment":[{"href":"https:\/\/vejerproperties.com\/es\/wp-json\/wp\/v2\/media?parent=5326"}],"curies":[{"name":"wp","href":"https:\/\/api.w.org\/{rel}","templated":true}]}}