{"id":5333,"date":"2020-02-12T18:49:29","date_gmt":"2020-02-12T18:49:29","guid":{"rendered":"https:\/\/vejerproperties.com\/otros-servicios\/"},"modified":"2023-11-28T12:47:08","modified_gmt":"2023-11-28T12:47:08","slug":"otros-servicios","status":"publish","type":"page","link":"https:\/\/vejerproperties.com\/es\/otros-servicios\/","title":{"rendered":"Otros Servicios"},"content":{"rendered":"<div class=\"wpb-content-wrapper\"><p>[vc_row][vc_column][vc_column_text]<\/p>\n<div class=\"box\">\n<h3>Otros Servicios<\/h3>\n<p>Adem\u00e1s de proporcionar nuestro porfolio selectivo de propiedades en venta y de alquiler, reconocemos que usted necesitar\u00e1 consejos y ayuda en diversas \u00e1reas relacionadas con el proceso de la adquisici\u00f3n de una propiedad. Tambi\u00e9n le ayudaremos a:<\/p>\n<ul>\n<li>encontrar gestores independientes y titulados para guiarle en todos los aspectos financieros de la compra. Incluido, entre otras cosas, gestiones en bancos locales, hipotecas en Espa\u00f1a, transferencias de dinero, herencias, testamentos, impuestos y poderes.<\/li>\n<li>entender lo que son los gastos generados en el proceso de compra y venta cuando usted decide efectuar una transacci\u00f3n de vivienda en Espa\u00f1a.<\/li>\n<li>contratar abogados espa\u00f1oles competentes e independientes que hablen ingl\u00e9s y que conozcan bien las zonas locales, y, que le pueda proporcionar la informaci\u00f3n necesaria para facilitar la compra de su vivienda.<\/li>\n<li>buscar asesores independientes y calificados para que le orienten sobre todos los aspectos financieros de la compra de su propiedad.<\/li>\n<li>obtener el NIE, N\u00famero de Identificaci\u00f3n de Extranjeros, el n\u00famero fiscal esencial para los no-residentes que quieran comprar una vivienda en Espa\u00f1a y para que puedan abrir una cuenta bancaria, adem\u00e1s de contratar otros servicios legales y municipales.<\/li>\n<li>encontrar constructores y arquitectos que sean competentes en hacerse cargo de la solicitud necesaria de obras y\/o reformas que quieran llevar a cabo en su vivienda.<\/li>\n<li>reformar y renovar sus propiedades: proyectos de gesti\u00f3n profesional, licencias y permisos, con constructores locales con experiencia. Vea nuestro portfolio de obras y reformas <strong><a href=\"https:\/\/vejerproperties.com\/es\/reforma-y-renovacion-de-propiedades\/\">aqu\u00ed<\/a><\/strong>.<\/li>\n<li>la gesti\u00f3n completa de mantenimiento y seguridad de su nueva vivienda.<\/li>\n<li>informarse de forma pr\u00e1ctica y sensata sobre el alquiler de su vivienda para temporadas cortas y largas, y la mejor forma de localizar inquilinos.<\/li>\n<\/ul>\n<p>Cons\u00faltenos para hablar de sus requisitos <a href=\"https:\/\/vejerproperties.com\/es\/contact\/\"><strong>clic aqu\u00ed<\/strong><\/a>.<\/p>\n<\/div>\n<p>[\/vc_column_text][\/vc_column][\/vc_row]<\/p>\n<\/div>","protected":false},"excerpt":{"rendered":"<p>[vc_row][vc_column][vc_column_text] Otros Servicios Adem\u00e1s de proporcionar nuestro porfolio selectivo de propiedades en venta y de alquiler, reconocemos que usted necesitar\u00e1 consejos y ayuda en diversas \u00e1reas relacionadas con el proceso de la adquisici\u00f3n de una propiedad. Tambi\u00e9n le ayudaremos a: encontrar gestores independientes y titulados para guiarle en todos los aspectos financieros de la compra. [&hellip;]<\/p>\n","protected":false},"author":1,"featured_media":0,"parent":0,"menu_order":0,"comment_status":"closed","ping_status":"closed","template":"template\/template-page.php","meta":{"_monsterinsights_skip_tracking":false,"_monsterinsights_sitenote_active":false,"_monsterinsights_sitenote_note":"","_monsterinsights_sitenote_category":0,"footnotes":""},"class_list":["post-5333","page","type-page","status-publish","hentry"],"yoast_head":"<!-- This site is optimized with the Yoast SEO plugin v27.3 - https:\/\/yoast.com\/product\/yoast-seo-wordpress\/ -->\n<title>Otros Servicios - De la Luz Properties<\/title>\n<meta name=\"robots\" content=\"index, follow, max-snippet:-1, max-image-preview:large, max-video-preview:-1\" \/>\n<link rel=\"canonical\" href=\"https:\/\/vejerproperties.com\/es\/otros-servicios\/\" \/>\n<meta property=\"og:locale\" content=\"es_ES\" \/>\n<meta property=\"og:type\" content=\"article\" \/>\n<meta property=\"og:title\" content=\"Otros Servicios - De la Luz Properties\" \/>\n<meta property=\"og:description\" content=\"[vc_row][vc_column][vc_column_text] Otros Servicios Adem\u00e1s de proporcionar nuestro porfolio selectivo de propiedades en venta y de alquiler, reconocemos que usted necesitar\u00e1 consejos y ayuda en diversas \u00e1reas relacionadas con el proceso de la adquisici\u00f3n de una propiedad. Tambi\u00e9n le ayudaremos a: encontrar gestores independientes y titulados para guiarle en todos los aspectos financieros de la compra. [&hellip;]\" \/>\n<meta property=\"og:url\" content=\"https:\/\/vejerproperties.com\/es\/otros-servicios\/\" \/>\n<meta property=\"og:site_name\" content=\"De la Luz Properties\" \/>\n<meta property=\"article:modified_time\" content=\"2023-11-28T12:47:08+00:00\" \/>\n<meta name=\"twitter:card\" content=\"summary_large_image\" \/>\n<meta name=\"twitter:label1\" content=\"Tiempo de lectura\" \/>\n\t<meta name=\"twitter:data1\" content=\"2 minutos\" \/>\n<script type=\"application\/ld+json\" class=\"yoast-schema-graph\">{\"@context\":\"https:\\\/\\\/schema.org\",\"@graph\":[{\"@type\":\"WebPage\",\"@id\":\"https:\\\/\\\/vejerproperties.com\\\/es\\\/otros-servicios\\\/\",\"url\":\"https:\\\/\\\/vejerproperties.com\\\/es\\\/otros-servicios\\\/\",\"name\":\"Otros Servicios - De la Luz Properties\",\"isPartOf\":{\"@id\":\"https:\\\/\\\/vejerproperties.com\\\/es\\\/#website\"},\"datePublished\":\"2020-02-12T18:49:29+00:00\",\"dateModified\":\"2023-11-28T12:47:08+00:00\",\"breadcrumb\":{\"@id\":\"https:\\\/\\\/vejerproperties.com\\\/es\\\/otros-servicios\\\/#breadcrumb\"},\"inLanguage\":\"es\",\"potentialAction\":[{\"@type\":\"ReadAction\",\"target\":[\"https:\\\/\\\/vejerproperties.com\\\/es\\\/otros-servicios\\\/\"]}]},{\"@type\":\"BreadcrumbList\",\"@id\":\"https:\\\/\\\/vejerproperties.com\\\/es\\\/otros-servicios\\\/#breadcrumb\",\"itemListElement\":[{\"@type\":\"ListItem\",\"position\":1,\"name\":\"Home\",\"item\":\"https:\\\/\\\/vejerproperties.com\\\/es\\\/\"},{\"@type\":\"ListItem\",\"position\":2,\"name\":\"Otros Servicios\"}]},{\"@type\":\"WebSite\",\"@id\":\"https:\\\/\\\/vejerproperties.com\\\/es\\\/#website\",\"url\":\"https:\\\/\\\/vejerproperties.com\\\/es\\\/\",\"name\":\"De la Luz Properties\",\"description\":\"Spanish Estate Agent\",\"publisher\":{\"@id\":\"https:\\\/\\\/vejerproperties.com\\\/es\\\/#organization\"},\"potentialAction\":[{\"@type\":\"SearchAction\",\"target\":{\"@type\":\"EntryPoint\",\"urlTemplate\":\"https:\\\/\\\/vejerproperties.com\\\/es\\\/?s={search_term_string}\"},\"query-input\":{\"@type\":\"PropertyValueSpecification\",\"valueRequired\":true,\"valueName\":\"search_term_string\"}}],\"inLanguage\":\"es\"},{\"@type\":\"Organization\",\"@id\":\"https:\\\/\\\/vejerproperties.com\\\/es\\\/#organization\",\"name\":\"De la Luz Properties\",\"url\":\"https:\\\/\\\/vejerproperties.com\\\/es\\\/\",\"logo\":{\"@type\":\"ImageObject\",\"inLanguage\":\"es\",\"@id\":\"https:\\\/\\\/vejerproperties.com\\\/es\\\/#\\\/schema\\\/logo\\\/image\\\/\",\"url\":\"https:\\\/\\\/vejerproperties.com\\\/wp-content\\\/uploads\\\/2018\\\/02\\\/de-la-luz-logo.png\",\"contentUrl\":\"https:\\\/\\\/vejerproperties.com\\\/wp-content\\\/uploads\\\/2018\\\/02\\\/de-la-luz-logo.png\",\"width\":181,\"height\":71,\"caption\":\"De la Luz Properties\"},\"image\":{\"@id\":\"https:\\\/\\\/vejerproperties.com\\\/es\\\/#\\\/schema\\\/logo\\\/image\\\/\"}}]}<\/script>\n<!-- \/ Yoast SEO plugin. -->","yoast_head_json":{"title":"Otros Servicios - De la Luz Properties","robots":{"index":"index","follow":"follow","max-snippet":"max-snippet:-1","max-image-preview":"max-image-preview:large","max-video-preview":"max-video-preview:-1"},"canonical":"https:\/\/vejerproperties.com\/es\/otros-servicios\/","og_locale":"es_ES","og_type":"article","og_title":"Otros Servicios - De la Luz Properties","og_description":"[vc_row][vc_column][vc_column_text] Otros Servicios Adem\u00e1s de proporcionar nuestro porfolio selectivo de propiedades en venta y de alquiler, reconocemos que usted necesitar\u00e1 consejos y ayuda en diversas \u00e1reas relacionadas con el proceso de la adquisici\u00f3n de una propiedad. Tambi\u00e9n le ayudaremos a: encontrar gestores independientes y titulados para guiarle en todos los aspectos financieros de la compra. [&hellip;]","og_url":"https:\/\/vejerproperties.com\/es\/otros-servicios\/","og_site_name":"De la Luz Properties","article_modified_time":"2023-11-28T12:47:08+00:00","twitter_card":"summary_large_image","twitter_misc":{"Tiempo de lectura":"2 minutos"},"schema":{"@context":"https:\/\/schema.org","@graph":[{"@type":"WebPage","@id":"https:\/\/vejerproperties.com\/es\/otros-servicios\/","url":"https:\/\/vejerproperties.com\/es\/otros-servicios\/","name":"Otros Servicios - De la Luz Properties","isPartOf":{"@id":"https:\/\/vejerproperties.com\/es\/#website"},"datePublished":"2020-02-12T18:49:29+00:00","dateModified":"2023-11-28T12:47:08+00:00","breadcrumb":{"@id":"https:\/\/vejerproperties.com\/es\/otros-servicios\/#breadcrumb"},"inLanguage":"es","potentialAction":[{"@type":"ReadAction","target":["https:\/\/vejerproperties.com\/es\/otros-servicios\/"]}]},{"@type":"BreadcrumbList","@id":"https:\/\/vejerproperties.com\/es\/otros-servicios\/#breadcrumb","itemListElement":[{"@type":"ListItem","position":1,"name":"Home","item":"https:\/\/vejerproperties.com\/es\/"},{"@type":"ListItem","position":2,"name":"Otros Servicios"}]},{"@type":"WebSite","@id":"https:\/\/vejerproperties.com\/es\/#website","url":"https:\/\/vejerproperties.com\/es\/","name":"De la Luz Properties","description":"Spanish Estate Agent","publisher":{"@id":"https:\/\/vejerproperties.com\/es\/#organization"},"potentialAction":[{"@type":"SearchAction","target":{"@type":"EntryPoint","urlTemplate":"https:\/\/vejerproperties.com\/es\/?s={search_term_string}"},"query-input":{"@type":"PropertyValueSpecification","valueRequired":true,"valueName":"search_term_string"}}],"inLanguage":"es"},{"@type":"Organization","@id":"https:\/\/vejerproperties.com\/es\/#organization","name":"De la Luz Properties","url":"https:\/\/vejerproperties.com\/es\/","logo":{"@type":"ImageObject","inLanguage":"es","@id":"https:\/\/vejerproperties.com\/es\/#\/schema\/logo\/image\/","url":"https:\/\/vejerproperties.com\/wp-content\/uploads\/2018\/02\/de-la-luz-logo.png","contentUrl":"https:\/\/vejerproperties.com\/wp-content\/uploads\/2018\/02\/de-la-luz-logo.png","width":181,"height":71,"caption":"De la Luz Properties"},"image":{"@id":"https:\/\/vejerproperties.com\/es\/#\/schema\/logo\/image\/"}}]}},"_links":{"self":[{"href":"https:\/\/vejerproperties.com\/es\/wp-json\/wp\/v2\/pages\/5333","targetHints":{"allow":["GET"]}}],"collection":[{"href":"https:\/\/vejerproperties.com\/es\/wp-json\/wp\/v2\/pages"}],"about":[{"href":"https:\/\/vejerproperties.com\/es\/wp-json\/wp\/v2\/types\/page"}],"author":[{"embeddable":true,"href":"https:\/\/vejerproperties.com\/es\/wp-json\/wp\/v2\/users\/1"}],"replies":[{"embeddable":true,"href":"https:\/\/vejerproperties.com\/es\/wp-json\/wp\/v2\/comments?post=5333"}],"version-history":[{"count":7,"href":"https:\/\/vejerproperties.com\/es\/wp-json\/wp\/v2\/pages\/5333\/revisions"}],"predecessor-version":[{"id":11161,"href":"https:\/\/vejerproperties.com\/es\/wp-json\/wp\/v2\/pages\/5333\/revisions\/11161"}],"wp:attachment":[{"href":"https:\/\/vejerproperties.com\/es\/wp-json\/wp\/v2\/media?parent=5333"}],"curies":[{"name":"wp","href":"https:\/\/api.w.org\/{rel}","templated":true}]}}