{"id":5340,"date":"2020-02-12T18:59:15","date_gmt":"2020-02-12T18:59:15","guid":{"rendered":"https:\/\/vejerproperties.com\/?page_id=5340"},"modified":"2023-11-15T20:40:38","modified_gmt":"2023-11-15T20:40:38","slug":"about-us","status":"publish","type":"page","link":"https:\/\/vejerproperties.com\/es\/about-us\/","title":{"rendered":"La Empresa"},"content":{"rendered":"<div class=\"wpb-content-wrapper\"><p>[vc_row full_width=&#8221;stretch_row&#8221;][vc_column][vc_column_text]<br \/>\nDe La Luz Properties S.L es la inmobiliaria independiente, l\u00edder especializada en la venta, reforma, alquiler vacacional y gesti\u00f3n de propiedades en Vejer de la Frontera y sus alrededores.<\/p>\n<p>De La Luz tiene quince a\u00f1os de amplia experiencia ayudando a clientes a comprar y vender propiedades en Espa\u00f1a. El tiempo dedicado a desarrollar nuestra actividad aqu\u00ed en Vejer de la Frontera nos permite ofrecer una perspectiva \u00fanica y un conocimiento profundo de la ciudad y sus numerosas oportunidades inmobiliarias. que queremos compartir contigo.<\/p>\n<p>Dedicamos nuestro tiempo a suministrar un servicio inmobiliario profesional especializado en el galardonado pueblo de colinas blancas de Vejer de la Frontera y sus alrededores en la Costa de la Luz.<\/p>\n<p>Nuestra empresa le ofrecer\u00e1 un alto nivel de asesoramiento experto y servicio personalizado para que complete con \u00e9xito la adquisici\u00f3n de la propiedad que satisfaga todas sus necesidades.<\/p>\n<p>Adem\u00e1s de nuestra oferta selectiva de propiedades locales en venta y alquiler, reconocemos que es posible que necesite asesoramiento y ayuda con una serie de otros asuntos relacionados con la propiedad despu\u00e9s de realizar la compra de su propiedad. Tambi\u00e9n ayudaremos con los servicios posteriores a la compra, incluidos los servicios de reforma de propiedades, alquiler de propiedades y administraci\u00f3n de propiedades.[\/vc_column_text][\/vc_column][\/vc_row][vc_row][vc_column][vc_column_text]<\/p>\n<h3 class=\"p1\"><span class=\"s1\">\u00bfPor qu\u00e9 elegirnos?<\/span><\/h3>\n<p>A menudo es dif\u00edcil encontrar la propiedad urbana, costera o rural adecuada que satisfaga sus necesidades en esta zona. A pesar de esto, tenemos muchos clientes satisfechos que han comprado, reformado y alquilado propiedades con \u00e9xito a trav\u00e9s de nosotros.<\/p>\n<p>La clave de nuestro destacado \u00e9xito es nuestro amplio conocimiento y experiencia en la zona de la Costa de la Luz y nuestro alto nivel de servicio personalizado. Lo guiaremos a trav\u00e9s de su compra o venta y lo haremos un proceso simple y directo.<\/p>\n<p>\u00a1Esperamos con inter\u00e9s trabajar con usted!<\/p>\n<p>Para ver algunas de las opiniones de nuestros clientes, haga clic <strong><a href=\"https:\/\/vejerproperties.com\/es\/?page_id=10469\">aqu\u00ed<\/a><\/strong>.[\/vc_column_text][\/vc_column][\/vc_row][vc_row][vc_column][\/vc_column][\/vc_row][vc_row disable_element=&#8221;yes&#8221;][vc_column][vc_separator][vc_column_text css=&#8221;.vc_custom_1579272190753{margin-bottom: -10px !important;}&#8221;]<\/p>\n<h3 class=\"p1\" style=\"text-align: center;\">Rese\u00f1as de clientes<\/h3>\n<p>[\/vc_column_text]\n            <div class=\"testimonials-module testimonials-module-slider-v1 testimonials-module-v1\">\n                <div class=\"testimonials-slider-wrap-v1-arrows\"><\/div>\n                <div class=\"testimonials-slider-wrap-v1 houzez-all-slider-wrap\">\n                    <div class=\"testimonial-item testimonial-item-v1 text-center mb-4\">\n\n\t\n\t\n\t<div class=\"testimonial-body mb-2\">\n\t\tKaly y el equipo de De la Luz son excelentes. Gran atenci\u00f3n al detalle, receptivo y muy \u00fatil. Recomendar\u00eda De La Luz a cualquier persona interesada en propiedades en Vejer. \u00a1Gracias!\t<\/div><!-- testimonial-body -->\n\t<div class=\"testimonial-info\">\n\t\t<strong class=\"testimonial-name\">Will<\/strong><br>\n\t\t<em class=\"testimonial-job\">Compr\u00f3 su casa con nosotros<\/em>\n\t<\/div><!-- testimonial-info -->\n<\/div><!-- testimonial-item --><div class=\"testimonial-item testimonial-item-v1 text-center mb-4\">\n\n\t\n\t\n\t<div class=\"testimonial-body mb-2\">\n\t\tConocemos a Kaly y su equipo desde hace varios a\u00f1os mientras vend\u00edamos nuestra propiedad en Vejer. Nos encontramos con muchos problemas legales, que Kaly resolvi\u00f3 y nos aconsej\u00f3 de manera extremadamente profesional y eficiente. \u00a1Todos los correos electr\u00f3nicos y llamadas telef\u00f3nicas fueron respondidos muy r\u00e1pidamente! \u00a1Todo el proceso de venta tom\u00f3 alrededor de 2 a\u00f1os debido a problemas legales con nuestra propiedad y una persona menor que ella se habr\u00eda rendido! No podemos agradecerle lo suficiente por compartir su conocimiento con nosotros y ayudarnos en cada paso de este proceso largo y frustrante. Altamente recomendada! Adem\u00e1s, sus oficinas se encuentran en una excelente ubicaci\u00f3n en la Plaza de Espa\u00f1a.\t<\/div><!-- testimonial-body -->\n\t<div class=\"testimonial-info\">\n\t\t<strong class=\"testimonial-name\">Francis Stileman<\/strong><br>\n\t\t<em class=\"testimonial-job\">Vendi\u00f3 su casa con nosotros<\/em>\n\t<\/div><!-- testimonial-info -->\n<\/div><!-- testimonial-item --><div class=\"testimonial-item testimonial-item-v1 text-center mb-4\">\n\n\t\n\t\n\t<div class=\"testimonial-body mb-2\">\n\t\tRecomendar\u00eda usar De La Luz a cualquiera, el servicio es de primera clase. Hab\u00edamos estado buscando comprar en Vejer durante algunos a\u00f1os, y casi nos rendimos mientras luchamos por obtener servicio e informaci\u00f3n.\nLuego nos encontramos con Kaly, desde el primer d\u00eda fue muy profesional y entendi\u00f3 nuestras necesidades. Decidimos una nueva construcci\u00f3n del plan, no podr\u00edamos haberlo hecho sin la ayuda impecable de ella. Esto no solo inclu\u00eda la compra, sino todos los extras de la casa como la cocina y todos los dem\u00e1s extras disponibles. Hubo muchos correos electr\u00f3nicos traduciendo las opciones y solicitudes de los constructores, tambi\u00e9n recomend\u00f3 a un muy buen abogado. Despu\u00e9s de todo esto, ella tambi\u00e9n ayud\u00f3 con nuestros n\u00fameros NIE y arregl\u00f3 una cuenta bancaria para nosotros. Nos pasaron muchas otras cosas \u00fatiles, demasiadas para mencionarlas, e incluso despu\u00e9s de la compra, Kaly y Duncan todav\u00eda est\u00e1n ayudando, clasificando y asesorando cosas para ayudarnos, ella nunca se detiene, nada es demasiado problema. Nuevamente, le recomiendo que los pruebe si desea comprar en el \u00e1rea, el conocimiento del \u00e1rea es inmenso. Ellos ir\u00e1n m\u00e1s all\u00e1 para ayudar. Fant\u00e1stico servicio, bien hecho.\t<\/div><!-- testimonial-body -->\n\t<div class=\"testimonial-info\">\n\t\t<strong class=\"testimonial-name\">David Whitehouse<\/strong><br>\n\t\t<em class=\"testimonial-job\">Compr\u00f3 su casa con nosotros<\/em>\n\t<\/div><!-- testimonial-info -->\n<\/div><!-- testimonial-item --><div class=\"testimonial-item testimonial-item-v1 text-center mb-4\">\n\n\t\n\t\n\t<div class=\"testimonial-body mb-2\">\n\t\tExcelente servicio y soporte brindado por Kaly, Duncan y su equipo durante todo el proceso de compra de una casa en Vejer. Sensible, solidario y de buen humor. Todas nuestras preguntas sobre comprar por primera vez en Espa\u00f1a fueron respondidas por triviales que fueran. Mucho m\u00e1s que una agencia inmobiliaria. Nos guiaron y ayudaron a trav\u00e9s de todos los pasos legales, financieros y administrativos del proceso de compra de una casa en Espa\u00f1a. Tambi\u00e9n brind\u00f3 una excelente ayuda y asesoramiento sobre la administraci\u00f3n de la propiedad y el proceso de alquiler y organiz\u00f3 el trabajo en la casa a realizar. En general un gran consejo y apoyo. Lo recomiendo encarecidamente.\t<\/div><!-- testimonial-body -->\n\t<div class=\"testimonial-info\">\n\t\t<strong class=\"testimonial-name\">Lucy Metcalfe<\/strong><br>\n\t\t<em class=\"testimonial-job\">Compr\u00f3 su casa con nosotros<\/em>\n\t<\/div><!-- testimonial-info -->\n<\/div><!-- testimonial-item --><div class=\"testimonial-item testimonial-item-v1 text-center mb-4\">\n\n\t\n\t\n\t<div class=\"testimonial-body mb-2\">\n\t\tNo puedo recomendar a De la Luz lo suficiente. Kaly fue muy \u00fatil y paciente a medida que desarrollamos nuestras preferencias durante varias visitas y, al decidirnos por Roche, fue implacable en descubrir oportunidades. Comprar en Espa\u00f1a era nuevo para nosotros y los consejos y contactos de Kaly lo hicieron mucho m\u00e1s manejable. Fue excelente durante el proceso de adquisici\u00f3n en s\u00ed, ayud\u00e1ndonos a superar los obst\u00e1culos legales y pr\u00e1cticos. Ahora tenemos nuestra maravillosa casa en Roche, gracias en gran parte a la determinaci\u00f3n y competencia de Kaly.\t<\/div><!-- testimonial-body -->\n\t<div class=\"testimonial-info\">\n\t\t<strong class=\"testimonial-name\">Rod Cahill<\/strong><br>\n\t\t<em class=\"testimonial-job\">Compr\u00f3 su maravillosa casa con nosotros<\/em>\n\t<\/div><!-- testimonial-info -->\n<\/div><!-- testimonial-item --><div class=\"testimonial-item testimonial-item-v1 text-center mb-4\">\n\n\t\n\t\n\t<div class=\"testimonial-body mb-2\">\n\t\tFue una gran decisi\u00f3n comprar mi propiedad en Vejer a trav\u00e9s de De la Luz. \u00a1Un proceso muy r\u00e1pido y transparente! Me sent\u00ed muy bien asesorado todo el tiempo. \u00a1Incluso despu\u00e9s de firmar el contrato, el equipo de De la Luz me ayud\u00f3 con muchos problemas peque\u00f1os y algunos m\u00e1s grandes! Adem\u00e1s, De la Luz fue un justo mediador entre los intereses del vendedor y del comprador.\t<\/div><!-- testimonial-body -->\n\t<div class=\"testimonial-info\">\n\t\t<strong class=\"testimonial-name\">Jonas Kliesow<\/strong><br>\n\t\t<em class=\"testimonial-job\">Compr\u00f3 su casa con nosotros<\/em>\n\t<\/div><!-- testimonial-info -->\n<\/div><!-- testimonial-item -->                <\/div><!-- testimonials-slider -->\n            <\/div><!-- testimonials-module -->\n\n        \n\n        [vc_separator][\/vc_column][\/vc_row]<\/p>\n<\/div>","protected":false},"excerpt":{"rendered":"<p>[vc_row full_width=&#8221;stretch_row&#8221;][vc_column][vc_column_text] De La Luz Properties S.L es la inmobiliaria independiente, l\u00edder especializada en la venta, reforma, alquiler vacacional y gesti\u00f3n de propiedades en Vejer de la Frontera y sus alrededores. De La Luz tiene quince a\u00f1os de amplia experiencia ayudando a clientes a comprar y vender propiedades en Espa\u00f1a. El tiempo dedicado a desarrollar [&hellip;]<\/p>\n","protected":false},"author":1,"featured_media":0,"parent":0,"menu_order":0,"comment_status":"closed","ping_status":"closed","template":"template\/template-page.php","meta":{"_monsterinsights_skip_tracking":false,"_monsterinsights_sitenote_active":false,"_monsterinsights_sitenote_note":"","_monsterinsights_sitenote_category":0,"footnotes":""},"class_list":["post-5340","page","type-page","status-publish","hentry"],"yoast_head":"<!-- This site is optimized with the Yoast SEO plugin v27.4 - https:\/\/yoast.com\/product\/yoast-seo-wordpress\/ -->\n<title>La Empresa - De la Luz Properties<\/title>\n<meta name=\"robots\" content=\"index, follow, max-snippet:-1, max-image-preview:large, max-video-preview:-1\" \/>\n<link rel=\"canonical\" href=\"https:\/\/vejerproperties.com\/es\/about-us\/\" \/>\n<meta property=\"og:locale\" content=\"es_ES\" \/>\n<meta property=\"og:type\" content=\"article\" \/>\n<meta property=\"og:title\" content=\"La Empresa - De la Luz Properties\" \/>\n<meta property=\"og:description\" content=\"[vc_row full_width=&#8221;stretch_row&#8221;][vc_column][vc_column_text] De La Luz Properties S.L es la inmobiliaria independiente, l\u00edder especializada en la venta, reforma, alquiler vacacional y gesti\u00f3n de propiedades en Vejer de la Frontera y sus alrededores. De La Luz tiene quince a\u00f1os de amplia experiencia ayudando a clientes a comprar y vender propiedades en Espa\u00f1a. El tiempo dedicado a desarrollar [&hellip;]\" \/>\n<meta property=\"og:url\" content=\"https:\/\/vejerproperties.com\/es\/about-us\/\" \/>\n<meta property=\"og:site_name\" content=\"De la Luz Properties\" \/>\n<meta property=\"article:modified_time\" content=\"2023-11-15T20:40:38+00:00\" \/>\n<meta name=\"twitter:card\" content=\"summary_large_image\" \/>\n<meta name=\"twitter:label1\" content=\"Tiempo de lectura\" \/>\n\t<meta name=\"twitter:data1\" content=\"2 minutos\" \/>\n<script type=\"application\/ld+json\" class=\"yoast-schema-graph\">{\"@context\":\"https:\\\/\\\/schema.org\",\"@graph\":[{\"@type\":\"WebPage\",\"@id\":\"https:\\\/\\\/vejerproperties.com\\\/es\\\/about-us\\\/\",\"url\":\"https:\\\/\\\/vejerproperties.com\\\/es\\\/about-us\\\/\",\"name\":\"La Empresa - De la Luz Properties\",\"isPartOf\":{\"@id\":\"https:\\\/\\\/vejerproperties.com\\\/es\\\/#website\"},\"datePublished\":\"2020-02-12T18:59:15+00:00\",\"dateModified\":\"2023-11-15T20:40:38+00:00\",\"breadcrumb\":{\"@id\":\"https:\\\/\\\/vejerproperties.com\\\/es\\\/about-us\\\/#breadcrumb\"},\"inLanguage\":\"es\",\"potentialAction\":[{\"@type\":\"ReadAction\",\"target\":[\"https:\\\/\\\/vejerproperties.com\\\/es\\\/about-us\\\/\"]}]},{\"@type\":\"BreadcrumbList\",\"@id\":\"https:\\\/\\\/vejerproperties.com\\\/es\\\/about-us\\\/#breadcrumb\",\"itemListElement\":[{\"@type\":\"ListItem\",\"position\":1,\"name\":\"Home\",\"item\":\"https:\\\/\\\/vejerproperties.com\\\/es\\\/\"},{\"@type\":\"ListItem\",\"position\":2,\"name\":\"La Empresa\"}]},{\"@type\":\"WebSite\",\"@id\":\"https:\\\/\\\/vejerproperties.com\\\/es\\\/#website\",\"url\":\"https:\\\/\\\/vejerproperties.com\\\/es\\\/\",\"name\":\"De la Luz Properties\",\"description\":\"Spanish Estate Agent\",\"publisher\":{\"@id\":\"https:\\\/\\\/vejerproperties.com\\\/es\\\/#organization\"},\"potentialAction\":[{\"@type\":\"SearchAction\",\"target\":{\"@type\":\"EntryPoint\",\"urlTemplate\":\"https:\\\/\\\/vejerproperties.com\\\/es\\\/?s={search_term_string}\"},\"query-input\":{\"@type\":\"PropertyValueSpecification\",\"valueRequired\":true,\"valueName\":\"search_term_string\"}}],\"inLanguage\":\"es\"},{\"@type\":\"Organization\",\"@id\":\"https:\\\/\\\/vejerproperties.com\\\/es\\\/#organization\",\"name\":\"De la Luz Properties\",\"url\":\"https:\\\/\\\/vejerproperties.com\\\/es\\\/\",\"logo\":{\"@type\":\"ImageObject\",\"inLanguage\":\"es\",\"@id\":\"https:\\\/\\\/vejerproperties.com\\\/es\\\/#\\\/schema\\\/logo\\\/image\\\/\",\"url\":\"https:\\\/\\\/vejerproperties.com\\\/wp-content\\\/uploads\\\/2018\\\/02\\\/de-la-luz-logo.png\",\"contentUrl\":\"https:\\\/\\\/vejerproperties.com\\\/wp-content\\\/uploads\\\/2018\\\/02\\\/de-la-luz-logo.png\",\"width\":181,\"height\":71,\"caption\":\"De la Luz Properties\"},\"image\":{\"@id\":\"https:\\\/\\\/vejerproperties.com\\\/es\\\/#\\\/schema\\\/logo\\\/image\\\/\"}}]}<\/script>\n<!-- \/ Yoast SEO plugin. -->","yoast_head_json":{"title":"La Empresa - De la Luz Properties","robots":{"index":"index","follow":"follow","max-snippet":"max-snippet:-1","max-image-preview":"max-image-preview:large","max-video-preview":"max-video-preview:-1"},"canonical":"https:\/\/vejerproperties.com\/es\/about-us\/","og_locale":"es_ES","og_type":"article","og_title":"La Empresa - De la Luz Properties","og_description":"[vc_row full_width=&#8221;stretch_row&#8221;][vc_column][vc_column_text] De La Luz Properties S.L es la inmobiliaria independiente, l\u00edder especializada en la venta, reforma, alquiler vacacional y gesti\u00f3n de propiedades en Vejer de la Frontera y sus alrededores. De La Luz tiene quince a\u00f1os de amplia experiencia ayudando a clientes a comprar y vender propiedades en Espa\u00f1a. El tiempo dedicado a desarrollar [&hellip;]","og_url":"https:\/\/vejerproperties.com\/es\/about-us\/","og_site_name":"De la Luz Properties","article_modified_time":"2023-11-15T20:40:38+00:00","twitter_card":"summary_large_image","twitter_misc":{"Tiempo de lectura":"2 minutos"},"schema":{"@context":"https:\/\/schema.org","@graph":[{"@type":"WebPage","@id":"https:\/\/vejerproperties.com\/es\/about-us\/","url":"https:\/\/vejerproperties.com\/es\/about-us\/","name":"La Empresa - De la Luz Properties","isPartOf":{"@id":"https:\/\/vejerproperties.com\/es\/#website"},"datePublished":"2020-02-12T18:59:15+00:00","dateModified":"2023-11-15T20:40:38+00:00","breadcrumb":{"@id":"https:\/\/vejerproperties.com\/es\/about-us\/#breadcrumb"},"inLanguage":"es","potentialAction":[{"@type":"ReadAction","target":["https:\/\/vejerproperties.com\/es\/about-us\/"]}]},{"@type":"BreadcrumbList","@id":"https:\/\/vejerproperties.com\/es\/about-us\/#breadcrumb","itemListElement":[{"@type":"ListItem","position":1,"name":"Home","item":"https:\/\/vejerproperties.com\/es\/"},{"@type":"ListItem","position":2,"name":"La Empresa"}]},{"@type":"WebSite","@id":"https:\/\/vejerproperties.com\/es\/#website","url":"https:\/\/vejerproperties.com\/es\/","name":"De la Luz Properties","description":"Spanish Estate Agent","publisher":{"@id":"https:\/\/vejerproperties.com\/es\/#organization"},"potentialAction":[{"@type":"SearchAction","target":{"@type":"EntryPoint","urlTemplate":"https:\/\/vejerproperties.com\/es\/?s={search_term_string}"},"query-input":{"@type":"PropertyValueSpecification","valueRequired":true,"valueName":"search_term_string"}}],"inLanguage":"es"},{"@type":"Organization","@id":"https:\/\/vejerproperties.com\/es\/#organization","name":"De la Luz Properties","url":"https:\/\/vejerproperties.com\/es\/","logo":{"@type":"ImageObject","inLanguage":"es","@id":"https:\/\/vejerproperties.com\/es\/#\/schema\/logo\/image\/","url":"https:\/\/vejerproperties.com\/wp-content\/uploads\/2018\/02\/de-la-luz-logo.png","contentUrl":"https:\/\/vejerproperties.com\/wp-content\/uploads\/2018\/02\/de-la-luz-logo.png","width":181,"height":71,"caption":"De la Luz Properties"},"image":{"@id":"https:\/\/vejerproperties.com\/es\/#\/schema\/logo\/image\/"}}]}},"_links":{"self":[{"href":"https:\/\/vejerproperties.com\/es\/wp-json\/wp\/v2\/pages\/5340","targetHints":{"allow":["GET"]}}],"collection":[{"href":"https:\/\/vejerproperties.com\/es\/wp-json\/wp\/v2\/pages"}],"about":[{"href":"https:\/\/vejerproperties.com\/es\/wp-json\/wp\/v2\/types\/page"}],"author":[{"embeddable":true,"href":"https:\/\/vejerproperties.com\/es\/wp-json\/wp\/v2\/users\/1"}],"replies":[{"embeddable":true,"href":"https:\/\/vejerproperties.com\/es\/wp-json\/wp\/v2\/comments?post=5340"}],"version-history":[{"count":24,"href":"https:\/\/vejerproperties.com\/es\/wp-json\/wp\/v2\/pages\/5340\/revisions"}],"predecessor-version":[{"id":11109,"href":"https:\/\/vejerproperties.com\/es\/wp-json\/wp\/v2\/pages\/5340\/revisions\/11109"}],"wp:attachment":[{"href":"https:\/\/vejerproperties.com\/es\/wp-json\/wp\/v2\/media?parent=5340"}],"curies":[{"name":"wp","href":"https:\/\/api.w.org\/{rel}","templated":true}]}}