{"id":5351,"date":"2020-02-12T20:42:41","date_gmt":"2020-02-12T20:42:41","guid":{"rendered":"https:\/\/vejerproperties.com\/reforma-y-renovacion-de-propiedades\/"},"modified":"2023-12-13T09:25:10","modified_gmt":"2023-12-13T09:25:10","slug":"reforma-y-renovacion-de-propiedades","status":"publish","type":"page","link":"https:\/\/vejerproperties.com\/es\/reforma-y-renovacion-de-propiedades\/","title":{"rendered":"Reforma de la propiedad"},"content":{"rendered":"<div class=\"wpb-content-wrapper\"><p>[vc_row][vc_column][vc_column_text]<\/p>\n<div class=\"box\">\n<h3>Reforma de la propiedad<\/h3>\n<p>Adem\u00e1s de nuestra selectiva oferta de propiedades reformadas y de nueva construcci\u00f3n que requieren poco o ning\u00fan trabajo, hay muchas propiedades tradicionales con caracter\u00edsticas de \u00e9poca, sobre todo en el casco antiguo de Vejer, que requieren alg\u00fan tipo de reforma para hacerlas m\u00e1s habitables. Esto puede implicar mejorar los elementos existentes y aprovechar al m\u00e1ximo las oportunidades de espacio y luz, reformar cocinas, ba\u00f1os y otros espacios habitables o simplemente hacer cambios para reflejar el estilo y el gusto personales.<\/p>\n<h3>Servicios de reforma<\/h3>\n<p>A trav\u00e9s de nuestros servicios internos de construcci\u00f3n y gesti\u00f3n de proyectos, podemos asesorarle, facilitarle presupuestos y supervisar todos los aspectos de la reforma de una vivienda, desde la obtenci\u00f3n de los permisos urban\u00edsticos necesarios, el dise\u00f1o de la reforma requerida y la gesti\u00f3n del proyecto de construcci\u00f3n.<\/p>\n<\/div>\n<p>[\/vc_column_text][vc_row_inner css=&#8221;.vc_custom_1579178618075{margin-top: -30px !important;}&#8221;][vc_column_inner width=&#8221;1\/3&#8243;][vc_column_text]<\/p>\n<div class=\"box\">\n<ul>\n<li>Cocinas<\/li>\n<li>Cuarto de ba\u00f1o<\/li>\n<li>Terrazas<\/li>\n<li>Piscinas<\/li>\n<li>Jacuzzis<\/li>\n<li>Habitaciones con terraza<\/li>\n<li>Soluciones de calefacci\u00f3n<\/li>\n<li>Toldos<\/li>\n<\/ul>\n<\/div>\n<p>[\/vc_column_text][\/vc_column_inner][vc_column_inner width=&#8221;1\/3&#8243;][vc_column_text]<\/p>\n<div class=\"box\">\n<ul>\n<li>Pintura<\/li>\n<li>Impermeabilizaci\u00f3n<\/li>\n<li>Montaje de vigas de madera<\/li>\n<li>Carpinter\u00eda<\/li>\n<li>Metalister\u00eda<\/li>\n<li>Ventanas<\/li>\n<li>Puertas<\/li>\n<li>Barandillas<\/li>\n<\/ul>\n<\/div>\n<p>[\/vc_column_text][\/vc_column_inner][vc_column_inner width=&#8221;1\/3&#8243;][vc_column_text css=&#8221;.vc_custom_1686588868444{margin-top: 25px !important;}&#8221;]<\/p>\n<div class=\"box\">\n<p><a href=\"https:\/\/vejerproperties.com\/wp-content\/uploads\/2020\/01\/property_reform.pdf\" target=\"_blank\" rel=\"noopener\"><strong><img decoding=\"async\" class=\"wp-image-4406 alignnone\" src=\"https:\/\/vejerproperties.com\/wp-content\/uploads\/2020\/01\/property_reform-212x300.jpg\" alt=\"\" width=\"115\" height=\"163\" srcset=\"https:\/\/vejerproperties.com\/wp-content\/uploads\/2020\/01\/property_reform-212x300.jpg 212w, https:\/\/vejerproperties.com\/wp-content\/uploads\/2020\/01\/property_reform.jpg 283w\" sizes=\"(max-width: 115px) 100vw, 115px\" \/><\/strong><\/a><\/p>\n<p><strong><a href=\"https:\/\/vejerproperties.com\/wp-content\/uploads\/2020\/01\/property_reform.pdf\" target=\"_blank\" rel=\"noopener\">Descargar folleto<\/a><\/strong><\/p>\n<\/div>\n<p>[\/vc_column_text][\/vc_column_inner][\/vc_row_inner][\/vc_column][\/vc_row][vc_row][vc_column][vc_column_text]<\/p>\n<div class=\"box\">\n<p>Proyectos con licencia gestionados profesionalmente por arquitectos locales certificados y constructores con experiencia.<\/p>\n<h3>Nuestros proyectos<\/h3>\n<p>Para m\u00e1s informaci\u00f3n, un presupuesto o para ver la calidad de nuestros proyectos de trabajo en las casas de nuestros clientes por favor <strong><a href=\"https:\/\/vejerproperties.com\/es\/contact\/\">contacte con nosotros<\/a><\/strong>.<\/p>\n<\/div>\n<p>[\/vc_column_text][\/vc_column][\/vc_row][vc_row][vc_column][vc_images_carousel images=&#8221;4385,4386,4387,4388,4389,4390,4391,4392,4393&#8243; img_size=&#8221;full&#8221; slides_per_view=&#8221;2&#8243; autoplay=&#8221;yes&#8221; hide_pagination_control=&#8221;yes&#8221; partial_view=&#8221;yes&#8221; wrap=&#8221;yes&#8221;][\/vc_column][\/vc_row]<\/p>\n<\/div>","protected":false},"excerpt":{"rendered":"<p>[vc_row][vc_column][vc_column_text] Reforma de la propiedad Adem\u00e1s de nuestra selectiva oferta de propiedades reformadas y de nueva construcci\u00f3n que requieren poco o ning\u00fan trabajo, hay muchas propiedades tradicionales con caracter\u00edsticas de \u00e9poca, sobre todo en el casco antiguo de Vejer, que requieren alg\u00fan tipo de reforma para hacerlas m\u00e1s habitables. Esto puede implicar mejorar los elementos [&hellip;]<\/p>\n","protected":false},"author":1,"featured_media":0,"parent":0,"menu_order":0,"comment_status":"closed","ping_status":"closed","template":"","meta":{"_monsterinsights_skip_tracking":false,"_monsterinsights_sitenote_active":false,"_monsterinsights_sitenote_note":"","_monsterinsights_sitenote_category":0,"footnotes":""},"class_list":["post-5351","page","type-page","status-publish","hentry"],"yoast_head":"<!-- This site is optimized with the Yoast SEO plugin v27.4 - https:\/\/yoast.com\/product\/yoast-seo-wordpress\/ -->\n<title>Reforma de la propiedad - De la Luz Properties<\/title>\n<meta name=\"robots\" content=\"index, follow, max-snippet:-1, max-image-preview:large, max-video-preview:-1\" \/>\n<link rel=\"canonical\" href=\"https:\/\/vejerproperties.com\/es\/reforma-y-renovacion-de-propiedades\/\" \/>\n<meta property=\"og:locale\" content=\"es_ES\" \/>\n<meta property=\"og:type\" content=\"article\" \/>\n<meta property=\"og:title\" content=\"Reforma de la propiedad - De la Luz Properties\" \/>\n<meta property=\"og:description\" content=\"[vc_row][vc_column][vc_column_text] Reforma de la propiedad Adem\u00e1s de nuestra selectiva oferta de propiedades reformadas y de nueva construcci\u00f3n que requieren poco o ning\u00fan trabajo, hay muchas propiedades tradicionales con caracter\u00edsticas de \u00e9poca, sobre todo en el casco antiguo de Vejer, que requieren alg\u00fan tipo de reforma para hacerlas m\u00e1s habitables. Esto puede implicar mejorar los elementos [&hellip;]\" \/>\n<meta property=\"og:url\" content=\"https:\/\/vejerproperties.com\/es\/reforma-y-renovacion-de-propiedades\/\" \/>\n<meta property=\"og:site_name\" content=\"De la Luz Properties\" \/>\n<meta property=\"article:modified_time\" content=\"2023-12-13T09:25:10+00:00\" \/>\n<meta property=\"og:image\" content=\"https:\/\/vejerproperties.com\/wp-content\/uploads\/2020\/01\/property_reform-212x300.jpg\" \/>\n<meta name=\"twitter:card\" content=\"summary_large_image\" \/>\n<meta name=\"twitter:label1\" content=\"Tiempo de lectura\" \/>\n\t<meta name=\"twitter:data1\" content=\"2 minutos\" \/>\n<script type=\"application\/ld+json\" class=\"yoast-schema-graph\">{\"@context\":\"https:\\\/\\\/schema.org\",\"@graph\":[{\"@type\":\"WebPage\",\"@id\":\"https:\\\/\\\/vejerproperties.com\\\/es\\\/reforma-y-renovacion-de-propiedades\\\/\",\"url\":\"https:\\\/\\\/vejerproperties.com\\\/es\\\/reforma-y-renovacion-de-propiedades\\\/\",\"name\":\"Reforma de la propiedad - De la Luz Properties\",\"isPartOf\":{\"@id\":\"https:\\\/\\\/vejerproperties.com\\\/es\\\/#website\"},\"primaryImageOfPage\":{\"@id\":\"https:\\\/\\\/vejerproperties.com\\\/es\\\/reforma-y-renovacion-de-propiedades\\\/#primaryimage\"},\"image\":{\"@id\":\"https:\\\/\\\/vejerproperties.com\\\/es\\\/reforma-y-renovacion-de-propiedades\\\/#primaryimage\"},\"thumbnailUrl\":\"https:\\\/\\\/vejerproperties.com\\\/wp-content\\\/uploads\\\/2020\\\/01\\\/property_reform-212x300.jpg\",\"datePublished\":\"2020-02-12T20:42:41+00:00\",\"dateModified\":\"2023-12-13T09:25:10+00:00\",\"breadcrumb\":{\"@id\":\"https:\\\/\\\/vejerproperties.com\\\/es\\\/reforma-y-renovacion-de-propiedades\\\/#breadcrumb\"},\"inLanguage\":\"es\",\"potentialAction\":[{\"@type\":\"ReadAction\",\"target\":[\"https:\\\/\\\/vejerproperties.com\\\/es\\\/reforma-y-renovacion-de-propiedades\\\/\"]}]},{\"@type\":\"ImageObject\",\"inLanguage\":\"es\",\"@id\":\"https:\\\/\\\/vejerproperties.com\\\/es\\\/reforma-y-renovacion-de-propiedades\\\/#primaryimage\",\"url\":\"https:\\\/\\\/vejerproperties.com\\\/wp-content\\\/uploads\\\/2020\\\/01\\\/property_reform-212x300.jpg\",\"contentUrl\":\"https:\\\/\\\/vejerproperties.com\\\/wp-content\\\/uploads\\\/2020\\\/01\\\/property_reform-212x300.jpg\"},{\"@type\":\"BreadcrumbList\",\"@id\":\"https:\\\/\\\/vejerproperties.com\\\/es\\\/reforma-y-renovacion-de-propiedades\\\/#breadcrumb\",\"itemListElement\":[{\"@type\":\"ListItem\",\"position\":1,\"name\":\"Home\",\"item\":\"https:\\\/\\\/vejerproperties.com\\\/es\\\/\"},{\"@type\":\"ListItem\",\"position\":2,\"name\":\"Reforma de la propiedad\"}]},{\"@type\":\"WebSite\",\"@id\":\"https:\\\/\\\/vejerproperties.com\\\/es\\\/#website\",\"url\":\"https:\\\/\\\/vejerproperties.com\\\/es\\\/\",\"name\":\"De la Luz Properties\",\"description\":\"Spanish Estate Agent\",\"publisher\":{\"@id\":\"https:\\\/\\\/vejerproperties.com\\\/es\\\/#organization\"},\"potentialAction\":[{\"@type\":\"SearchAction\",\"target\":{\"@type\":\"EntryPoint\",\"urlTemplate\":\"https:\\\/\\\/vejerproperties.com\\\/es\\\/?s={search_term_string}\"},\"query-input\":{\"@type\":\"PropertyValueSpecification\",\"valueRequired\":true,\"valueName\":\"search_term_string\"}}],\"inLanguage\":\"es\"},{\"@type\":\"Organization\",\"@id\":\"https:\\\/\\\/vejerproperties.com\\\/es\\\/#organization\",\"name\":\"De la Luz Properties\",\"url\":\"https:\\\/\\\/vejerproperties.com\\\/es\\\/\",\"logo\":{\"@type\":\"ImageObject\",\"inLanguage\":\"es\",\"@id\":\"https:\\\/\\\/vejerproperties.com\\\/es\\\/#\\\/schema\\\/logo\\\/image\\\/\",\"url\":\"https:\\\/\\\/vejerproperties.com\\\/wp-content\\\/uploads\\\/2018\\\/02\\\/de-la-luz-logo.png\",\"contentUrl\":\"https:\\\/\\\/vejerproperties.com\\\/wp-content\\\/uploads\\\/2018\\\/02\\\/de-la-luz-logo.png\",\"width\":181,\"height\":71,\"caption\":\"De la Luz Properties\"},\"image\":{\"@id\":\"https:\\\/\\\/vejerproperties.com\\\/es\\\/#\\\/schema\\\/logo\\\/image\\\/\"}}]}<\/script>\n<!-- \/ Yoast SEO plugin. -->","yoast_head_json":{"title":"Reforma de la propiedad - De la Luz Properties","robots":{"index":"index","follow":"follow","max-snippet":"max-snippet:-1","max-image-preview":"max-image-preview:large","max-video-preview":"max-video-preview:-1"},"canonical":"https:\/\/vejerproperties.com\/es\/reforma-y-renovacion-de-propiedades\/","og_locale":"es_ES","og_type":"article","og_title":"Reforma de la propiedad - De la Luz Properties","og_description":"[vc_row][vc_column][vc_column_text] Reforma de la propiedad Adem\u00e1s de nuestra selectiva oferta de propiedades reformadas y de nueva construcci\u00f3n que requieren poco o ning\u00fan trabajo, hay muchas propiedades tradicionales con caracter\u00edsticas de \u00e9poca, sobre todo en el casco antiguo de Vejer, que requieren alg\u00fan tipo de reforma para hacerlas m\u00e1s habitables. Esto puede implicar mejorar los elementos [&hellip;]","og_url":"https:\/\/vejerproperties.com\/es\/reforma-y-renovacion-de-propiedades\/","og_site_name":"De la Luz Properties","article_modified_time":"2023-12-13T09:25:10+00:00","og_image":[{"url":"https:\/\/vejerproperties.com\/wp-content\/uploads\/2020\/01\/property_reform-212x300.jpg","type":"","width":"","height":""}],"twitter_card":"summary_large_image","twitter_misc":{"Tiempo de lectura":"2 minutos"},"schema":{"@context":"https:\/\/schema.org","@graph":[{"@type":"WebPage","@id":"https:\/\/vejerproperties.com\/es\/reforma-y-renovacion-de-propiedades\/","url":"https:\/\/vejerproperties.com\/es\/reforma-y-renovacion-de-propiedades\/","name":"Reforma de la propiedad - De la Luz Properties","isPartOf":{"@id":"https:\/\/vejerproperties.com\/es\/#website"},"primaryImageOfPage":{"@id":"https:\/\/vejerproperties.com\/es\/reforma-y-renovacion-de-propiedades\/#primaryimage"},"image":{"@id":"https:\/\/vejerproperties.com\/es\/reforma-y-renovacion-de-propiedades\/#primaryimage"},"thumbnailUrl":"https:\/\/vejerproperties.com\/wp-content\/uploads\/2020\/01\/property_reform-212x300.jpg","datePublished":"2020-02-12T20:42:41+00:00","dateModified":"2023-12-13T09:25:10+00:00","breadcrumb":{"@id":"https:\/\/vejerproperties.com\/es\/reforma-y-renovacion-de-propiedades\/#breadcrumb"},"inLanguage":"es","potentialAction":[{"@type":"ReadAction","target":["https:\/\/vejerproperties.com\/es\/reforma-y-renovacion-de-propiedades\/"]}]},{"@type":"ImageObject","inLanguage":"es","@id":"https:\/\/vejerproperties.com\/es\/reforma-y-renovacion-de-propiedades\/#primaryimage","url":"https:\/\/vejerproperties.com\/wp-content\/uploads\/2020\/01\/property_reform-212x300.jpg","contentUrl":"https:\/\/vejerproperties.com\/wp-content\/uploads\/2020\/01\/property_reform-212x300.jpg"},{"@type":"BreadcrumbList","@id":"https:\/\/vejerproperties.com\/es\/reforma-y-renovacion-de-propiedades\/#breadcrumb","itemListElement":[{"@type":"ListItem","position":1,"name":"Home","item":"https:\/\/vejerproperties.com\/es\/"},{"@type":"ListItem","position":2,"name":"Reforma de la propiedad"}]},{"@type":"WebSite","@id":"https:\/\/vejerproperties.com\/es\/#website","url":"https:\/\/vejerproperties.com\/es\/","name":"De la Luz Properties","description":"Spanish Estate Agent","publisher":{"@id":"https:\/\/vejerproperties.com\/es\/#organization"},"potentialAction":[{"@type":"SearchAction","target":{"@type":"EntryPoint","urlTemplate":"https:\/\/vejerproperties.com\/es\/?s={search_term_string}"},"query-input":{"@type":"PropertyValueSpecification","valueRequired":true,"valueName":"search_term_string"}}],"inLanguage":"es"},{"@type":"Organization","@id":"https:\/\/vejerproperties.com\/es\/#organization","name":"De la Luz Properties","url":"https:\/\/vejerproperties.com\/es\/","logo":{"@type":"ImageObject","inLanguage":"es","@id":"https:\/\/vejerproperties.com\/es\/#\/schema\/logo\/image\/","url":"https:\/\/vejerproperties.com\/wp-content\/uploads\/2018\/02\/de-la-luz-logo.png","contentUrl":"https:\/\/vejerproperties.com\/wp-content\/uploads\/2018\/02\/de-la-luz-logo.png","width":181,"height":71,"caption":"De la Luz Properties"},"image":{"@id":"https:\/\/vejerproperties.com\/es\/#\/schema\/logo\/image\/"}}]}},"_links":{"self":[{"href":"https:\/\/vejerproperties.com\/es\/wp-json\/wp\/v2\/pages\/5351","targetHints":{"allow":["GET"]}}],"collection":[{"href":"https:\/\/vejerproperties.com\/es\/wp-json\/wp\/v2\/pages"}],"about":[{"href":"https:\/\/vejerproperties.com\/es\/wp-json\/wp\/v2\/types\/page"}],"author":[{"embeddable":true,"href":"https:\/\/vejerproperties.com\/es\/wp-json\/wp\/v2\/users\/1"}],"replies":[{"embeddable":true,"href":"https:\/\/vejerproperties.com\/es\/wp-json\/wp\/v2\/comments?post=5351"}],"version-history":[{"count":13,"href":"https:\/\/vejerproperties.com\/es\/wp-json\/wp\/v2\/pages\/5351\/revisions"}],"predecessor-version":[{"id":12218,"href":"https:\/\/vejerproperties.com\/es\/wp-json\/wp\/v2\/pages\/5351\/revisions\/12218"}],"wp:attachment":[{"href":"https:\/\/vejerproperties.com\/es\/wp-json\/wp\/v2\/media?parent=5351"}],"curies":[{"name":"wp","href":"https:\/\/api.w.org\/{rel}","templated":true}]}}