{"id":5373,"date":"2020-02-12T22:05:05","date_gmt":"2020-02-12T22:05:05","guid":{"rendered":"https:\/\/vejerproperties.com\/alquilar\/"},"modified":"2023-12-07T12:04:46","modified_gmt":"2023-12-07T12:04:46","slug":"alquilar","status":"publish","type":"page","link":"https:\/\/vejerproperties.com\/es\/alquilar\/","title":{"rendered":"Alquilar"},"content":{"rendered":"","protected":false},"excerpt":{"rendered":"","protected":false},"author":1,"featured_media":0,"parent":0,"menu_order":0,"comment_status":"closed","ping_status":"closed","template":"template\/template-listing-grid-v1-fullwidth-2cols.php","meta":{"_monsterinsights_skip_tracking":false,"_monsterinsights_sitenote_active":false,"_monsterinsights_sitenote_note":"","_monsterinsights_sitenote_category":0,"footnotes":""},"class_list":["post-5373","page","type-page","status-publish","hentry"],"yoast_head":"<!-- This site is optimized with the Yoast SEO plugin v27.4 - https:\/\/yoast.com\/product\/yoast-seo-wordpress\/ -->\n<title>Propiedad espa\u00f1ola en alquiler en Vejer de la Frontera - De la Luz Properties<\/title>\n<meta name=\"description\" content=\"Contacte con nosotros si est\u00e1 buscando alquilar una propiedad en o cerca de Vejer de la Frontera, C\u00e1diz, Espa\u00f1a. Tenemos conocimiento local experto y estaremos encantados de ayudarlo.\" \/>\n<meta name=\"robots\" content=\"index, follow, max-snippet:-1, max-image-preview:large, max-video-preview:-1\" \/>\n<link rel=\"canonical\" href=\"https:\/\/vejerproperties.com\/es\/alquilar\/\" \/>\n<meta property=\"og:locale\" content=\"es_ES\" \/>\n<meta property=\"og:type\" content=\"article\" \/>\n<meta property=\"og:title\" content=\"Propiedad espa\u00f1ola en alquiler en Vejer de la Frontera - De la Luz Properties\" \/>\n<meta property=\"og:description\" content=\"Contacte con nosotros si est\u00e1 buscando alquilar una propiedad en o cerca de Vejer de la Frontera, C\u00e1diz, Espa\u00f1a. Tenemos conocimiento local experto y estaremos encantados de ayudarlo.\" \/>\n<meta property=\"og:url\" content=\"https:\/\/vejerproperties.com\/es\/alquilar\/\" \/>\n<meta property=\"og:site_name\" content=\"De la Luz Properties\" \/>\n<meta property=\"article:modified_time\" content=\"2023-12-07T12:04:46+00:00\" \/>\n<meta name=\"twitter:card\" content=\"summary_large_image\" \/>\n<script type=\"application\/ld+json\" class=\"yoast-schema-graph\">{\"@context\":\"https:\\\/\\\/schema.org\",\"@graph\":[{\"@type\":\"WebPage\",\"@id\":\"https:\\\/\\\/vejerproperties.com\\\/es\\\/alquilar\\\/\",\"url\":\"https:\\\/\\\/vejerproperties.com\\\/es\\\/alquilar\\\/\",\"name\":\"Propiedad espa\u00f1ola en alquiler en Vejer de la Frontera - De la Luz Properties\",\"isPartOf\":{\"@id\":\"https:\\\/\\\/vejerproperties.com\\\/es\\\/#website\"},\"datePublished\":\"2020-02-12T22:05:05+00:00\",\"dateModified\":\"2023-12-07T12:04:46+00:00\",\"description\":\"Contacte con nosotros si est\u00e1 buscando alquilar una propiedad en o cerca de Vejer de la Frontera, C\u00e1diz, Espa\u00f1a. Tenemos conocimiento local experto y estaremos encantados de ayudarlo.\",\"breadcrumb\":{\"@id\":\"https:\\\/\\\/vejerproperties.com\\\/es\\\/alquilar\\\/#breadcrumb\"},\"inLanguage\":\"es\",\"potentialAction\":[{\"@type\":\"ReadAction\",\"target\":[\"https:\\\/\\\/vejerproperties.com\\\/es\\\/alquilar\\\/\"]}]},{\"@type\":\"BreadcrumbList\",\"@id\":\"https:\\\/\\\/vejerproperties.com\\\/es\\\/alquilar\\\/#breadcrumb\",\"itemListElement\":[{\"@type\":\"ListItem\",\"position\":1,\"name\":\"Home\",\"item\":\"https:\\\/\\\/vejerproperties.com\\\/es\\\/\"},{\"@type\":\"ListItem\",\"position\":2,\"name\":\"Alquilar\"}]},{\"@type\":\"WebSite\",\"@id\":\"https:\\\/\\\/vejerproperties.com\\\/es\\\/#website\",\"url\":\"https:\\\/\\\/vejerproperties.com\\\/es\\\/\",\"name\":\"De la Luz Properties\",\"description\":\"Spanish Estate Agent\",\"publisher\":{\"@id\":\"https:\\\/\\\/vejerproperties.com\\\/es\\\/#organization\"},\"potentialAction\":[{\"@type\":\"SearchAction\",\"target\":{\"@type\":\"EntryPoint\",\"urlTemplate\":\"https:\\\/\\\/vejerproperties.com\\\/es\\\/?s={search_term_string}\"},\"query-input\":{\"@type\":\"PropertyValueSpecification\",\"valueRequired\":true,\"valueName\":\"search_term_string\"}}],\"inLanguage\":\"es\"},{\"@type\":\"Organization\",\"@id\":\"https:\\\/\\\/vejerproperties.com\\\/es\\\/#organization\",\"name\":\"De la Luz Properties\",\"url\":\"https:\\\/\\\/vejerproperties.com\\\/es\\\/\",\"logo\":{\"@type\":\"ImageObject\",\"inLanguage\":\"es\",\"@id\":\"https:\\\/\\\/vejerproperties.com\\\/es\\\/#\\\/schema\\\/logo\\\/image\\\/\",\"url\":\"https:\\\/\\\/vejerproperties.com\\\/wp-content\\\/uploads\\\/2018\\\/02\\\/de-la-luz-logo.png\",\"contentUrl\":\"https:\\\/\\\/vejerproperties.com\\\/wp-content\\\/uploads\\\/2018\\\/02\\\/de-la-luz-logo.png\",\"width\":181,\"height\":71,\"caption\":\"De la Luz Properties\"},\"image\":{\"@id\":\"https:\\\/\\\/vejerproperties.com\\\/es\\\/#\\\/schema\\\/logo\\\/image\\\/\"}}]}<\/script>\n<!-- \/ Yoast SEO plugin. -->","yoast_head_json":{"title":"Propiedad espa\u00f1ola en alquiler en Vejer de la Frontera - De la Luz Properties","description":"Contacte con nosotros si est\u00e1 buscando alquilar una propiedad en o cerca de Vejer de la Frontera, C\u00e1diz, Espa\u00f1a. Tenemos conocimiento local experto y estaremos encantados de ayudarlo.","robots":{"index":"index","follow":"follow","max-snippet":"max-snippet:-1","max-image-preview":"max-image-preview:large","max-video-preview":"max-video-preview:-1"},"canonical":"https:\/\/vejerproperties.com\/es\/alquilar\/","og_locale":"es_ES","og_type":"article","og_title":"Propiedad espa\u00f1ola en alquiler en Vejer de la Frontera - De la Luz Properties","og_description":"Contacte con nosotros si est\u00e1 buscando alquilar una propiedad en o cerca de Vejer de la Frontera, C\u00e1diz, Espa\u00f1a. Tenemos conocimiento local experto y estaremos encantados de ayudarlo.","og_url":"https:\/\/vejerproperties.com\/es\/alquilar\/","og_site_name":"De la Luz Properties","article_modified_time":"2023-12-07T12:04:46+00:00","twitter_card":"summary_large_image","schema":{"@context":"https:\/\/schema.org","@graph":[{"@type":"WebPage","@id":"https:\/\/vejerproperties.com\/es\/alquilar\/","url":"https:\/\/vejerproperties.com\/es\/alquilar\/","name":"Propiedad espa\u00f1ola en alquiler en Vejer de la Frontera - De la Luz Properties","isPartOf":{"@id":"https:\/\/vejerproperties.com\/es\/#website"},"datePublished":"2020-02-12T22:05:05+00:00","dateModified":"2023-12-07T12:04:46+00:00","description":"Contacte con nosotros si est\u00e1 buscando alquilar una propiedad en o cerca de Vejer de la Frontera, C\u00e1diz, Espa\u00f1a. Tenemos conocimiento local experto y estaremos encantados de ayudarlo.","breadcrumb":{"@id":"https:\/\/vejerproperties.com\/es\/alquilar\/#breadcrumb"},"inLanguage":"es","potentialAction":[{"@type":"ReadAction","target":["https:\/\/vejerproperties.com\/es\/alquilar\/"]}]},{"@type":"BreadcrumbList","@id":"https:\/\/vejerproperties.com\/es\/alquilar\/#breadcrumb","itemListElement":[{"@type":"ListItem","position":1,"name":"Home","item":"https:\/\/vejerproperties.com\/es\/"},{"@type":"ListItem","position":2,"name":"Alquilar"}]},{"@type":"WebSite","@id":"https:\/\/vejerproperties.com\/es\/#website","url":"https:\/\/vejerproperties.com\/es\/","name":"De la Luz Properties","description":"Spanish Estate Agent","publisher":{"@id":"https:\/\/vejerproperties.com\/es\/#organization"},"potentialAction":[{"@type":"SearchAction","target":{"@type":"EntryPoint","urlTemplate":"https:\/\/vejerproperties.com\/es\/?s={search_term_string}"},"query-input":{"@type":"PropertyValueSpecification","valueRequired":true,"valueName":"search_term_string"}}],"inLanguage":"es"},{"@type":"Organization","@id":"https:\/\/vejerproperties.com\/es\/#organization","name":"De la Luz Properties","url":"https:\/\/vejerproperties.com\/es\/","logo":{"@type":"ImageObject","inLanguage":"es","@id":"https:\/\/vejerproperties.com\/es\/#\/schema\/logo\/image\/","url":"https:\/\/vejerproperties.com\/wp-content\/uploads\/2018\/02\/de-la-luz-logo.png","contentUrl":"https:\/\/vejerproperties.com\/wp-content\/uploads\/2018\/02\/de-la-luz-logo.png","width":181,"height":71,"caption":"De la Luz Properties"},"image":{"@id":"https:\/\/vejerproperties.com\/es\/#\/schema\/logo\/image\/"}}]}},"_links":{"self":[{"href":"https:\/\/vejerproperties.com\/es\/wp-json\/wp\/v2\/pages\/5373","targetHints":{"allow":["GET"]}}],"collection":[{"href":"https:\/\/vejerproperties.com\/es\/wp-json\/wp\/v2\/pages"}],"about":[{"href":"https:\/\/vejerproperties.com\/es\/wp-json\/wp\/v2\/types\/page"}],"author":[{"embeddable":true,"href":"https:\/\/vejerproperties.com\/es\/wp-json\/wp\/v2\/users\/1"}],"replies":[{"embeddable":true,"href":"https:\/\/vejerproperties.com\/es\/wp-json\/wp\/v2\/comments?post=5373"}],"version-history":[{"count":1,"href":"https:\/\/vejerproperties.com\/es\/wp-json\/wp\/v2\/pages\/5373\/revisions"}],"predecessor-version":[{"id":10899,"href":"https:\/\/vejerproperties.com\/es\/wp-json\/wp\/v2\/pages\/5373\/revisions\/10899"}],"wp:attachment":[{"href":"https:\/\/vejerproperties.com\/es\/wp-json\/wp\/v2\/media?parent=5373"}],"curies":[{"name":"wp","href":"https:\/\/api.w.org\/{rel}","templated":true}]}}