{"id":5385,"date":"2020-02-12T22:39:44","date_gmt":"2020-02-12T22:39:44","guid":{"rendered":"https:\/\/vejerproperties.com\/vejer-de-la-frontera\/"},"modified":"2023-12-07T11:47:48","modified_gmt":"2023-12-07T11:47:48","slug":"vejer-de-la-frontera","status":"publish","type":"page","link":"https:\/\/vejerproperties.com\/es\/vejer-de-la-frontera\/","title":{"rendered":"Vejer de la Frontera"},"content":{"rendered":"<div class=\"wpb-content-wrapper\"><p>[vc_row][vc_column][vc_column_text]<img decoding=\"async\" class=\"wp-image-4383 alignleft\" src=\"https:\/\/vejerproperties.com\/wp-content\/uploads\/2020\/01\/vejer_generic_websize-101-300x204.jpg\" alt=\"Vejer de la Frontera\" width=\"271\" height=\"184\" \/><\/p>\n<h3>Vejer de la Frontera<\/h3>\n<p>Vejer de la Frontera es un cl\u00e1sico pueblo blanco en lo alto de una colina, y fue declarado oficialmente monumento hist\u00f3rico art\u00edstico de importancia nacional en 1978. Se encuentra a 10 km hacia el interior, encaramado en lo alto del escarpado desfiladero del r\u00edo Barbate, con vistas hacia el oc\u00e9ano Atl\u00e1ntico, el continente africano y el Parque Nacional de los Alconocales.<\/p>\n<p>Vejer de la Frontera es un pueblo encantador con muchos lugares bonitos que ver. El Casco Antiguo es pintoresco, con un laberinto de estrechas calles adoquinadas bordeadas por deslumbrantes casas encaladas que giran en torno a patios ocultos repletos de flores. Muchas casas tienen terrazas en la azotea, a menudo con impresionantes vistas panor\u00e1micas. La Plaza de Espa\u00f1a es sin duda una de las plazas de pueblo m\u00e1s bonitas de Espa\u00f1a, con palmeras y una fuente de cer\u00e1mica oranate. Sus bares y restaurantes lo convierten en un popular punto de encuentro. Vejer tiene un castillo \u00e1rabe y una iglesia g\u00f3tica, y las murallas del siglo XV del casco antiguo siguen en pie.<\/p>\n<p>Si desea comprar una propiedad en Vejer, encontrar\u00e1 principalmente grandes casas de patio tradicionales a\u00fan intactas o apartamentos dentro de casas de patio. En la Ciudad Nueva hay una serie de nuevas urbanizaciones que han sido dise\u00f1adas y construidas con buen gusto para integrarse en el estilo arquitect\u00f3nico del Casco Antiguo. En los alrededores de Vejer tambi\u00e9n se puede disfrutar del campo y de la costa.<\/p>\n<p>Vejer est\u00e1 a 45 minutos en coche del aeropuerto de Jerez, a 60 minutos del aeropuerto de Gibraltar, a 90 minutos del aeropuerto de Sevilla y a poco m\u00e1s de 2 horas del aeropuerto de M\u00e1laga.[\/vc_column_text][\/vc_column][\/vc_row][vc_row][vc_column][vc_column_text]<\/p>\n<blockquote><p><em>Una de las emociones m\u00e1s inesperadas de Vejer de la Frontera para quien la visita por primera vez es la enorme cantidad de restaurantes escondidos en el hermoso Pueblo Blanco. Desc\u00fabrelos <strong><a href=\"https:\/\/www.anniebspain.com\/vejer-de-la-frontera\/restaurants\/\" target=\"_blank\" rel=\"noopener noreferrer\">aqu\u00ed<\/a><\/strong>\u00a1!<\/em><\/p><\/blockquote>\n<p>[\/vc_column_text][\/vc_column][\/vc_row][vc_row][vc_column][vc_column_text]<\/p>\n<h3>De vacaciones en Vejer<\/h3>\n<p>\u00bfPor qu\u00e9 no? Adem\u00e1s de 300 d\u00edas de sol al a\u00f1o, las playas de arena virgen, los parques nacionales protegidos, la vibrante cultura y el relajado estilo de vida hacen de este lugar un sitio maravilloso para visitar y a\u00fan mejor para vivir. Por eso, cada vez m\u00e1s compradores se decantan por esta popular zona.<\/p>\n<p>Si est\u00e1 considerando pasar unas vacaciones en la zona, especialmente si desea conocerla antes de comprometerse a comprar una propiedad, tenemos una selecci\u00f3n de propiedades para <strong><a href=\"https:\/\/vejerproperties.com\/es\/alquilar\/\">alquiler<\/a><\/strong> tanto a corto como a largo plazo, incluyendo apartamentos y casas en la ciudad y algunas villas con piscina en los alrededores. Si no encuentra exactamente lo que busca, p\u00f3ngase en <strong><a href=\"https:\/\/vejerproperties.com\/es\/contact\/\">contacte con nosotros<\/a><\/strong>.[\/vc_column_text][\/vc_column][\/vc_row]<\/p>\n<\/div>","protected":false},"excerpt":{"rendered":"<p>[vc_row][vc_column][vc_column_text] Vejer de la Frontera Vejer de la Frontera es un cl\u00e1sico pueblo blanco en lo alto de una colina, y fue declarado oficialmente monumento hist\u00f3rico art\u00edstico de importancia nacional en 1978. Se encuentra a 10 km hacia el interior, encaramado en lo alto del escarpado desfiladero del r\u00edo Barbate, con vistas hacia el oc\u00e9ano [&hellip;]<\/p>\n","protected":false},"author":1,"featured_media":0,"parent":0,"menu_order":0,"comment_status":"closed","ping_status":"closed","template":"","meta":{"_monsterinsights_skip_tracking":false,"_monsterinsights_sitenote_active":false,"_monsterinsights_sitenote_note":"","_monsterinsights_sitenote_category":0,"footnotes":""},"class_list":["post-5385","page","type-page","status-publish","hentry"],"yoast_head":"<!-- This site is optimized with the Yoast SEO plugin v27.4 - https:\/\/yoast.com\/product\/yoast-seo-wordpress\/ -->\n<title>Vejer de la Frontera - De la Luz Properties<\/title>\n<meta name=\"robots\" content=\"index, follow, max-snippet:-1, max-image-preview:large, max-video-preview:-1\" \/>\n<link rel=\"canonical\" href=\"https:\/\/vejerproperties.com\/es\/vejer-de-la-frontera\/\" \/>\n<meta property=\"og:locale\" content=\"es_ES\" \/>\n<meta property=\"og:type\" content=\"article\" \/>\n<meta property=\"og:title\" content=\"Vejer de la Frontera - De la Luz Properties\" \/>\n<meta property=\"og:description\" content=\"[vc_row][vc_column][vc_column_text] Vejer de la Frontera Vejer de la Frontera es un cl\u00e1sico pueblo blanco en lo alto de una colina, y fue declarado oficialmente monumento hist\u00f3rico art\u00edstico de importancia nacional en 1978. Se encuentra a 10 km hacia el interior, encaramado en lo alto del escarpado desfiladero del r\u00edo Barbate, con vistas hacia el oc\u00e9ano [&hellip;]\" \/>\n<meta property=\"og:url\" content=\"https:\/\/vejerproperties.com\/es\/vejer-de-la-frontera\/\" \/>\n<meta property=\"og:site_name\" content=\"De la Luz Properties\" \/>\n<meta property=\"article:modified_time\" content=\"2023-12-07T11:47:48+00:00\" \/>\n<meta property=\"og:image\" content=\"https:\/\/vejerproperties.com\/wp-content\/uploads\/2020\/01\/vejer_generic_websize-101-300x204.jpg\" \/>\n<meta name=\"twitter:card\" content=\"summary_large_image\" \/>\n<meta name=\"twitter:label1\" content=\"Tiempo de lectura\" \/>\n\t<meta name=\"twitter:data1\" content=\"3 minutos\" \/>\n<script type=\"application\/ld+json\" class=\"yoast-schema-graph\">{\"@context\":\"https:\\\/\\\/schema.org\",\"@graph\":[{\"@type\":\"WebPage\",\"@id\":\"https:\\\/\\\/vejerproperties.com\\\/es\\\/vejer-de-la-frontera\\\/\",\"url\":\"https:\\\/\\\/vejerproperties.com\\\/es\\\/vejer-de-la-frontera\\\/\",\"name\":\"Vejer de la Frontera - De la Luz Properties\",\"isPartOf\":{\"@id\":\"https:\\\/\\\/vejerproperties.com\\\/es\\\/#website\"},\"primaryImageOfPage\":{\"@id\":\"https:\\\/\\\/vejerproperties.com\\\/es\\\/vejer-de-la-frontera\\\/#primaryimage\"},\"image\":{\"@id\":\"https:\\\/\\\/vejerproperties.com\\\/es\\\/vejer-de-la-frontera\\\/#primaryimage\"},\"thumbnailUrl\":\"https:\\\/\\\/vejerproperties.com\\\/wp-content\\\/uploads\\\/2020\\\/01\\\/vejer_generic_websize-101-300x204.jpg\",\"datePublished\":\"2020-02-12T22:39:44+00:00\",\"dateModified\":\"2023-12-07T11:47:48+00:00\",\"breadcrumb\":{\"@id\":\"https:\\\/\\\/vejerproperties.com\\\/es\\\/vejer-de-la-frontera\\\/#breadcrumb\"},\"inLanguage\":\"es\",\"potentialAction\":[{\"@type\":\"ReadAction\",\"target\":[\"https:\\\/\\\/vejerproperties.com\\\/es\\\/vejer-de-la-frontera\\\/\"]}]},{\"@type\":\"ImageObject\",\"inLanguage\":\"es\",\"@id\":\"https:\\\/\\\/vejerproperties.com\\\/es\\\/vejer-de-la-frontera\\\/#primaryimage\",\"url\":\"https:\\\/\\\/vejerproperties.com\\\/wp-content\\\/uploads\\\/2020\\\/01\\\/vejer_generic_websize-101-300x204.jpg\",\"contentUrl\":\"https:\\\/\\\/vejerproperties.com\\\/wp-content\\\/uploads\\\/2020\\\/01\\\/vejer_generic_websize-101-300x204.jpg\"},{\"@type\":\"BreadcrumbList\",\"@id\":\"https:\\\/\\\/vejerproperties.com\\\/es\\\/vejer-de-la-frontera\\\/#breadcrumb\",\"itemListElement\":[{\"@type\":\"ListItem\",\"position\":1,\"name\":\"Home\",\"item\":\"https:\\\/\\\/vejerproperties.com\\\/es\\\/\"},{\"@type\":\"ListItem\",\"position\":2,\"name\":\"Vejer de la Frontera\"}]},{\"@type\":\"WebSite\",\"@id\":\"https:\\\/\\\/vejerproperties.com\\\/es\\\/#website\",\"url\":\"https:\\\/\\\/vejerproperties.com\\\/es\\\/\",\"name\":\"De la Luz Properties\",\"description\":\"Spanish Estate Agent\",\"publisher\":{\"@id\":\"https:\\\/\\\/vejerproperties.com\\\/es\\\/#organization\"},\"potentialAction\":[{\"@type\":\"SearchAction\",\"target\":{\"@type\":\"EntryPoint\",\"urlTemplate\":\"https:\\\/\\\/vejerproperties.com\\\/es\\\/?s={search_term_string}\"},\"query-input\":{\"@type\":\"PropertyValueSpecification\",\"valueRequired\":true,\"valueName\":\"search_term_string\"}}],\"inLanguage\":\"es\"},{\"@type\":\"Organization\",\"@id\":\"https:\\\/\\\/vejerproperties.com\\\/es\\\/#organization\",\"name\":\"De la Luz Properties\",\"url\":\"https:\\\/\\\/vejerproperties.com\\\/es\\\/\",\"logo\":{\"@type\":\"ImageObject\",\"inLanguage\":\"es\",\"@id\":\"https:\\\/\\\/vejerproperties.com\\\/es\\\/#\\\/schema\\\/logo\\\/image\\\/\",\"url\":\"https:\\\/\\\/vejerproperties.com\\\/wp-content\\\/uploads\\\/2018\\\/02\\\/de-la-luz-logo.png\",\"contentUrl\":\"https:\\\/\\\/vejerproperties.com\\\/wp-content\\\/uploads\\\/2018\\\/02\\\/de-la-luz-logo.png\",\"width\":181,\"height\":71,\"caption\":\"De la Luz Properties\"},\"image\":{\"@id\":\"https:\\\/\\\/vejerproperties.com\\\/es\\\/#\\\/schema\\\/logo\\\/image\\\/\"}}]}<\/script>\n<!-- \/ Yoast SEO plugin. -->","yoast_head_json":{"title":"Vejer de la Frontera - De la Luz Properties","robots":{"index":"index","follow":"follow","max-snippet":"max-snippet:-1","max-image-preview":"max-image-preview:large","max-video-preview":"max-video-preview:-1"},"canonical":"https:\/\/vejerproperties.com\/es\/vejer-de-la-frontera\/","og_locale":"es_ES","og_type":"article","og_title":"Vejer de la Frontera - De la Luz Properties","og_description":"[vc_row][vc_column][vc_column_text] Vejer de la Frontera Vejer de la Frontera es un cl\u00e1sico pueblo blanco en lo alto de una colina, y fue declarado oficialmente monumento hist\u00f3rico art\u00edstico de importancia nacional en 1978. Se encuentra a 10 km hacia el interior, encaramado en lo alto del escarpado desfiladero del r\u00edo Barbate, con vistas hacia el oc\u00e9ano [&hellip;]","og_url":"https:\/\/vejerproperties.com\/es\/vejer-de-la-frontera\/","og_site_name":"De la Luz Properties","article_modified_time":"2023-12-07T11:47:48+00:00","og_image":[{"url":"https:\/\/vejerproperties.com\/wp-content\/uploads\/2020\/01\/vejer_generic_websize-101-300x204.jpg","type":"","width":"","height":""}],"twitter_card":"summary_large_image","twitter_misc":{"Tiempo de lectura":"3 minutos"},"schema":{"@context":"https:\/\/schema.org","@graph":[{"@type":"WebPage","@id":"https:\/\/vejerproperties.com\/es\/vejer-de-la-frontera\/","url":"https:\/\/vejerproperties.com\/es\/vejer-de-la-frontera\/","name":"Vejer de la Frontera - De la Luz Properties","isPartOf":{"@id":"https:\/\/vejerproperties.com\/es\/#website"},"primaryImageOfPage":{"@id":"https:\/\/vejerproperties.com\/es\/vejer-de-la-frontera\/#primaryimage"},"image":{"@id":"https:\/\/vejerproperties.com\/es\/vejer-de-la-frontera\/#primaryimage"},"thumbnailUrl":"https:\/\/vejerproperties.com\/wp-content\/uploads\/2020\/01\/vejer_generic_websize-101-300x204.jpg","datePublished":"2020-02-12T22:39:44+00:00","dateModified":"2023-12-07T11:47:48+00:00","breadcrumb":{"@id":"https:\/\/vejerproperties.com\/es\/vejer-de-la-frontera\/#breadcrumb"},"inLanguage":"es","potentialAction":[{"@type":"ReadAction","target":["https:\/\/vejerproperties.com\/es\/vejer-de-la-frontera\/"]}]},{"@type":"ImageObject","inLanguage":"es","@id":"https:\/\/vejerproperties.com\/es\/vejer-de-la-frontera\/#primaryimage","url":"https:\/\/vejerproperties.com\/wp-content\/uploads\/2020\/01\/vejer_generic_websize-101-300x204.jpg","contentUrl":"https:\/\/vejerproperties.com\/wp-content\/uploads\/2020\/01\/vejer_generic_websize-101-300x204.jpg"},{"@type":"BreadcrumbList","@id":"https:\/\/vejerproperties.com\/es\/vejer-de-la-frontera\/#breadcrumb","itemListElement":[{"@type":"ListItem","position":1,"name":"Home","item":"https:\/\/vejerproperties.com\/es\/"},{"@type":"ListItem","position":2,"name":"Vejer de la Frontera"}]},{"@type":"WebSite","@id":"https:\/\/vejerproperties.com\/es\/#website","url":"https:\/\/vejerproperties.com\/es\/","name":"De la Luz Properties","description":"Spanish Estate Agent","publisher":{"@id":"https:\/\/vejerproperties.com\/es\/#organization"},"potentialAction":[{"@type":"SearchAction","target":{"@type":"EntryPoint","urlTemplate":"https:\/\/vejerproperties.com\/es\/?s={search_term_string}"},"query-input":{"@type":"PropertyValueSpecification","valueRequired":true,"valueName":"search_term_string"}}],"inLanguage":"es"},{"@type":"Organization","@id":"https:\/\/vejerproperties.com\/es\/#organization","name":"De la Luz Properties","url":"https:\/\/vejerproperties.com\/es\/","logo":{"@type":"ImageObject","inLanguage":"es","@id":"https:\/\/vejerproperties.com\/es\/#\/schema\/logo\/image\/","url":"https:\/\/vejerproperties.com\/wp-content\/uploads\/2018\/02\/de-la-luz-logo.png","contentUrl":"https:\/\/vejerproperties.com\/wp-content\/uploads\/2018\/02\/de-la-luz-logo.png","width":181,"height":71,"caption":"De la Luz Properties"},"image":{"@id":"https:\/\/vejerproperties.com\/es\/#\/schema\/logo\/image\/"}}]}},"_links":{"self":[{"href":"https:\/\/vejerproperties.com\/es\/wp-json\/wp\/v2\/pages\/5385","targetHints":{"allow":["GET"]}}],"collection":[{"href":"https:\/\/vejerproperties.com\/es\/wp-json\/wp\/v2\/pages"}],"about":[{"href":"https:\/\/vejerproperties.com\/es\/wp-json\/wp\/v2\/types\/page"}],"author":[{"embeddable":true,"href":"https:\/\/vejerproperties.com\/es\/wp-json\/wp\/v2\/users\/1"}],"replies":[{"embeddable":true,"href":"https:\/\/vejerproperties.com\/es\/wp-json\/wp\/v2\/comments?post=5385"}],"version-history":[{"count":13,"href":"https:\/\/vejerproperties.com\/es\/wp-json\/wp\/v2\/pages\/5385\/revisions"}],"predecessor-version":[{"id":12026,"href":"https:\/\/vejerproperties.com\/es\/wp-json\/wp\/v2\/pages\/5385\/revisions\/12026"}],"wp:attachment":[{"href":"https:\/\/vejerproperties.com\/es\/wp-json\/wp\/v2\/media?parent=5385"}],"curies":[{"name":"wp","href":"https:\/\/api.w.org\/{rel}","templated":true}]}}