{"id":6432,"date":"2016-03-10T18:52:12","date_gmt":"2016-03-10T18:52:12","guid":{"rendered":"https:\/\/staging.vejerproperties.com\/privacy\/"},"modified":"2023-11-15T20:28:04","modified_gmt":"2023-11-15T20:28:04","slug":"privacy","status":"publish","type":"page","link":"https:\/\/vejerproperties.com\/es\/privacy\/","title":{"rendered":"Privacy"},"content":{"rendered":"<h4>Pol\u00edtica de privacidad<\/h4>\n<p>En esta declaraci\u00f3n de privacidad explicaremos qu\u00e9 datos personales recopilamos de los usuarios y c\u00f3mo los utilizamos. Le invitamos a leer detenidamente estos t\u00e9rminos antes de facilitarnos sus datos personales en esta web. Es preciso advertir que esta Pol\u00edtica de Privacidad podr\u00eda variar en funci\u00f3n de exigencias legislativas o de autorregulaci\u00f3n, por lo que se aconseja a los usuarios que la visiten peri\u00f3dicamente. Ser\u00e1 aplicable en caso de que los usuarios decidan rellenar alg\u00fan formulario de cualquiera de los formularios de contacto donde se recaben datos de car\u00e1cter personal.<\/p>\n<p>En esta web respetamos y cuidamos los datos personales de los usuarios. Como usuario debe saber que sus derechos est\u00e1n garantizados.<\/p>\n<ul>\n<li>Nunca solicitamos informaci\u00f3n personal a menos que realmente sea necesaria para prestar los servicios que nos requieran.<\/li>\n<li>Nunca compartimos informaci\u00f3n personal de nuestros usuarios con nadie, excepto para cumplir con la ley o en caso que cuente con su autorizaci\u00f3n expresa.<\/li>\n<li>Nunca utilizamos sus datos personales con una finalidad diferente a la expresada en esta pol\u00edtica de privacidad.<\/li>\n<\/ul>\n<p>Esta web est\u00e1 adaptada a las exigencias de la Ley Org\u00e1nica 15\/1999, de 13 de diciembre, de Protecci\u00f3n de Datos de Car\u00e1cter Personal (LOPD), y al Real Decreto 1720\/2007, de 21 de diciembre, conocido como el Reglamento de desarrollo de la LOPD. Cumple tambi\u00e9n con el Reglamento (UE) 2016\/679 del Parlamento Europeo y del Consejo de 27 de abril de 2016 relativo a la protecci\u00f3n de las personas f\u00edsicas (RGPD).<\/p>\n<p><strong>Responsable del tratamiento de sus datos personales<\/strong><\/p>\n<ul>\n<li>Identidad del responsable: De La Luz Properties SL (D.J. HILL)<\/li>\n<li>Nombre comercial: De La Luz Properties SL<\/li>\n<li>CIF: B72065758<\/li>\n<li>Direcci\u00f3n: Plaza de Espa\u00f1a 23A, Vejer, C\u00e1diz<\/li>\n<li>Correo electr\u00f3nico: info@vejerproperties.com<\/li>\n<li>Actividad: Servicios de compra y venta de propiedades<\/li>\n<\/ul>\n<p>A efectos de lo previsto en el Reglamento General de Protecci\u00f3n de Datos antes citado, los datos personales que nos env\u00ede a trav\u00e9s de los formularios de la web, recibir\u00e1n el tratamiento de datos de \u201ccontactos de la pagina web\u201d.<\/p>\n<p>Para el tratamiento de datos de nuestros contactos, en De La Luz Properties implementamos todas las medidas t\u00e9cnicas y organizativas de seguridad establecidas en la legislaci\u00f3n vigente.<\/p>\n<p><strong>Principios que aplicaremos a su informaci\u00f3n personal<\/strong><br \/>\nEl commercial De La Luz Properties se aplicar\u00e1 los siguientes principios para el tratamiento de sus datos personales, ajust\u00e1ndose as\u00ed a las exigencias del nuevo reglamento de protecci\u00f3n de datos:<\/p>\n<ul>\n<li>Principio de licitud, lealtad y transparencia: Vamos a requerir siempre su consentimiento para el tratamiento de sus datos personales para uno o varios fines espec\u00edficos que le informaremos previamente con absoluta transparencia.<\/li>\n<li>Principio de minimizaci\u00f3n de datos: Solo vamos a solicitar datos necesarios (los m\u00ednimos posibles) en relaci\u00f3n con los fines para los que los requerimos.<\/li>\n<li>Principio de limitaci\u00f3n del plazo de conservaci\u00f3n: los datos ser\u00e1n mantenidos durante no m\u00e1s tiempo del necesario para los fines del tratamiento, en funci\u00f3n a la finalidad.<\/li>\n<li>Principio de integridad y confidencialidad para que sus datos ser\u00e1n tratados de tal manera que se garantice una seguridad adecuada de los datos personales y se garantice confidencialidad. Debe saber que tomamos todas las precauciones necesarias para evitar acceso no autorizado o uso indebido de los datos de nuestros usuarios por parte de terceros.<\/li>\n<\/ul>\n<p>Obtenci\u00f3n de sus datos y sus derechos cuando nos facilita sus datos<br \/>\nLos datos personales que tratamos proceden de formularios de contacto del cliente.<br \/>\nCualquier persona tiene derecho a obtener confirmaci\u00f3n sobre si en DE LA LUZ PROPERTIES estamos tratando datos personales que nos concierne, o no.<\/p>\n<p>Las personas interesadas tienen derecho a:<\/p>\n<ul>\n<li>Solicitar el acceso a los datos personales relativos al interesado<\/li>\n<li>Solicitar su rectificaci\u00f3n o supresi\u00f3n<\/li>\n<li>Solicitar la limitaci\u00f3n de su tratamiento<\/li>\n<li>Oponerse al tratamiento<\/li>\n<li>Solicitar la portabilidad de los datos<\/li>\n<\/ul>\n<p>Los interesados podr\u00e1n acceder a sus datos personales, as\u00ed como a solicitar la rectificaci\u00f3n de los datos inexactos o, en su caso, solicitar su supresi\u00f3n cuando, entre otros motivos, los datos ya no sean necesarios para los fines que fueron recogidos. En determinadas circunstancias, los interesados podr\u00e1n solicitar la limitaci\u00f3n del tratamiento de sus datos, en cuyo caso \u00fanicamente los conservaremos para el ejercicio o la defensa de reclamaciones.<\/p>\n<p>En determinadas circunstancias y por motivos relacionados con su situaci\u00f3n particular, los interesados podr\u00e1n oponerse al tratamiento de sus datos. DE LA LUZ PROPERTIES dejar\u00e1 de tratar los datos, salvo por motivos leg\u00edtimos imperiosos, o el ejercicio o la defensa de posibles reclamaciones. C\u00f3mo interesado, tienes derecho a recibir los datos personales que le incumban, que nos hayan facilitado y en un formato estructurado, de uso com\u00fan y lectura mec\u00e1nica, y a transmitirlos a otro responsable del tratamiento cuando:<\/p>\n<ul>\n<li>El tratamiento est\u00e9 basado en el consentimiento.<\/li>\n<li>Los datos hayan sido facilitados por la persona interesada.<\/li>\n<li>El tratamiento se efect\u00fae por medios automatizados.<\/li>\n<\/ul>\n<p>Al ejercer su derecho a la portabilidad de los datos, tendr\u00e1s derecho a que los datos personales se transmitan directamente de responsable a responsable cuando sea t\u00e9cnicamente posible.<\/p>\n<p>Los interesados tambi\u00e9n tendr\u00e1n derecho a la tutela judicial efectiva y a presentar una reclamaci\u00f3n ante la autoridad de control, en este caso, la Agencia Espa\u00f1ola de Protecci\u00f3n de Datos, si consideran que el tratamiento de datos personales que le conciernen infringe el Reglamento.<\/p>\n<p><strong>La finalidad del tratamiento de sus datos personales<\/strong><br \/>\nLos datos se conservar\u00e1n mientras se mantenga le relaci\u00f3n y no se solicite su supresi\u00f3n y en cualquier caso en cumplimiento de plazos legales de prescripci\u00f3n que le resulten de aplicaci\u00f3n.<\/p>\n<p>De acuerdo a lo establecido en el reglamento general de protecci\u00f3n de datos europeo (RGPD) 2016\/679, De La Luz Properties SL, Plaza de Espa\u00f1a 23A, Vejer, C\u00e1diz ser\u00e1 responsable del tratamiento de los datos correspondientes a contactos de la pagina web.<\/p>\n<p>DE LA LUZ PROPERTIES no vende, alquila, ni cede datos de car\u00e1cter personal que puedan identificar al usuario, ni lo har\u00e1 en el futuro, a terceros sin el consentimiento previo.<\/p>\n<p><strong>Exactitud y veracidad de los datos<\/strong><br \/>\nComo usuario, es el \u00fanico responsable de la veracidad y correcci\u00f3n de los datos que remita a <a href=\"https:\/\/vejerproperties.com\">vejerproperties.com<\/a> exonerando a De La Luz Properties SL de cualquier responsabilidad al respecto.<\/p>\n<p>Los usuarios garantizan y responden, en cualquier caso, de la exactitud, vigencia y autenticidad de los datos personales facilitados, y se comprometen a mantenerlos debidamente actualizados. El usuario acepta proporcionar informaci\u00f3n completa y correcta en el formulario de contacto en la pagina web.<\/p>\n<p><strong>Aceptaci\u00f3n y consentimiento<\/strong><br \/>\nEl usuario declara haber sido informado de las condiciones sobre protecci\u00f3n de datos de car\u00e1cter personal, aceptando y consintiendo el tratamiento de los mismos por parte de De La Luz Properties SL la forma y para las finalidades indicadas en esta pol\u00edtica de privacidad.<\/p>\n<p><strong>Revocabilidad<\/strong><br \/>\nEl consentimiento prestado, tanto para el tratamiento como para la cesi\u00f3n de los datos de los interesados, es revocable en cualquier momento comunic\u00e1ndolo a De La Luz Properties SL en los t\u00e9rminos establecidos en esta Pol\u00edtica.<\/p>\n<p><strong>Cambios en la pol\u00edtica de privacidad<\/strong><br \/>\nDe La Luz Properties SL se reserva el derecho a modificar la presente pol\u00edtica para adaptarla a novedades legislativas o jurisprudenciales, as\u00ed como a pr\u00e1cticas de la industria. En dichos supuestos, De La Luz Properties anunciar\u00e1 en esta p\u00e1gina los cambios introducidos con razonable antelaci\u00f3n a su puesta en pr\u00e1ctica.<\/p>\n<h4>Cookies<\/h4>\n<p><strong>\u00bfQu\u00e9 son las cookies?<\/strong><br \/>\nUna cookie es un peque\u00f1o archivo de letras y n\u00fameros que un sitio web coloca en el ordenador de un usuario cuando accede a un sitio web. Estos son almacenados por el navegador (por ejemplo, Internet Explorer, Safari, Chrome, etc.) en su ordenador, tel\u00e9fono inteligente u otro dispositivo. Las cookies permiten a los sitios web almacenar informaci\u00f3n sobre cosas como sus preferencias de usuario, esencialmente proporcionando una memoria para que el sitio web reconozca a un usuario cuando regresa y pueda responder seg\u00fan corresponda.<\/p>\n<p><strong>\u00bfC\u00f3mo utiliza De La Luz Properties las cookies?<\/strong><br \/>\nUsamos cookies en <a href=\"https:\/\/vejerproperties.com\">vejerproperties.com<\/a> para mejorar la funcionalidad y mejorar el rendimiento de nuestro sitio web, brindando una mejor experiencia a nuestros visitantes. Los utilizamos por una variedad de razones, como permitir a nuestros visitantes mantener una lista de propiedades que les interesan o almacenar informaci\u00f3n sobre el mercado que les interesa para que no tengan que navegar desde nuestra p\u00e1gina de inicio cada vez que vienen a nuestro sitio web.<\/p>\n<p>Cookies persistentes: son cookies que permanecen en su navegador web entre visitas a nuestro sitio web.<\/p>\n<p>Cookies de sesi\u00f3n: son cookies que solo est\u00e1n presentes cuando usted est\u00e1 en el sitio web y no permanecen en su navegador cuando lo abandona.<\/p>\n<p>En estas cookies no se almacena informaci\u00f3n de identificaci\u00f3n personal. Toda la informaci\u00f3n recopilada por estas cookies se guarda en DE LA LUZ PROPERTIES, no divulgamos esta informaci\u00f3n, ni la pasamos ni la vendemos a terceros.<\/p>\n<p><strong>\u00bfC\u00f3mo gestiono mis cookies?<\/strong><br \/>\nLa mayor\u00eda de los navegadores est\u00e1n configurados para aceptar cookies. Si desea cambiar sus preferencias de cookies, puede hacerlo a trav\u00e9s de la configuraci\u00f3n de su navegador o rechazar las cookies cuando ingresa al sitio web. Recuerde que nuestras cookies se utilizan a menudo para brindarle cierta funcionalidad y sin ellas es posible que no pueda utilizar parte de nuestro sitio web.<\/p>\n<p>Tambi\u00e9n puede eliminar las cookies que ya se han configurado en su navegador a trav\u00e9s de la configuraci\u00f3n de su navegador. Si tiene problemas para hacer esto o desea obtener m\u00e1s informaci\u00f3n, el sitio web <a href=\"https:\/\/allaboutcookies.org\/\" target=\"_blank\" rel=\"noopener\">https:\/\/allaboutcookies.org\/<\/a>es tiene mucha informaci\u00f3n sobre c\u00f3mo hacerlo en una variedad de navegadores.<\/p>\n","protected":false},"excerpt":{"rendered":"<p>Pol\u00edtica de privacidad En esta declaraci\u00f3n de privacidad explicaremos qu\u00e9 datos personales recopilamos de los usuarios y c\u00f3mo los utilizamos. Le invitamos a leer detenidamente estos t\u00e9rminos antes de facilitarnos sus datos personales en esta web. Es preciso advertir que esta Pol\u00edtica de Privacidad podr\u00eda variar en funci\u00f3n de exigencias legislativas o de autorregulaci\u00f3n, por [&hellip;]<\/p>\n","protected":false},"author":1,"featured_media":0,"parent":0,"menu_order":0,"comment_status":"closed","ping_status":"closed","template":"","meta":{"_monsterinsights_skip_tracking":false,"_monsterinsights_sitenote_active":false,"_monsterinsights_sitenote_note":"","_monsterinsights_sitenote_category":0,"footnotes":""},"class_list":["post-6432","page","type-page","status-publish","hentry"],"yoast_head":"<!-- This site is optimized with the Yoast SEO plugin v27.4 - https:\/\/yoast.com\/product\/yoast-seo-wordpress\/ -->\n<title>Privacy - De la Luz Properties<\/title>\n<meta name=\"robots\" content=\"index, follow, max-snippet:-1, max-image-preview:large, max-video-preview:-1\" \/>\n<link rel=\"canonical\" href=\"https:\/\/vejerproperties.com\/es\/privacy\/\" \/>\n<meta property=\"og:locale\" content=\"es_ES\" \/>\n<meta property=\"og:type\" content=\"article\" \/>\n<meta property=\"og:title\" content=\"Privacy - De la Luz Properties\" \/>\n<meta property=\"og:description\" content=\"Pol\u00edtica de privacidad En esta declaraci\u00f3n de privacidad explicaremos qu\u00e9 datos personales recopilamos de los usuarios y c\u00f3mo los utilizamos. Le invitamos a leer detenidamente estos t\u00e9rminos antes de facilitarnos sus datos personales en esta web. Es preciso advertir que esta Pol\u00edtica de Privacidad podr\u00eda variar en funci\u00f3n de exigencias legislativas o de autorregulaci\u00f3n, por [&hellip;]\" \/>\n<meta property=\"og:url\" content=\"https:\/\/vejerproperties.com\/es\/privacy\/\" \/>\n<meta property=\"og:site_name\" content=\"De la Luz Properties\" \/>\n<meta property=\"article:modified_time\" content=\"2023-11-15T20:28:04+00:00\" \/>\n<meta name=\"twitter:card\" content=\"summary_large_image\" \/>\n<meta name=\"twitter:label1\" content=\"Tiempo de lectura\" \/>\n\t<meta name=\"twitter:data1\" content=\"7 minutos\" \/>\n<script type=\"application\/ld+json\" class=\"yoast-schema-graph\">{\"@context\":\"https:\\\/\\\/schema.org\",\"@graph\":[{\"@type\":\"WebPage\",\"@id\":\"https:\\\/\\\/vejerproperties.com\\\/es\\\/privacy\\\/\",\"url\":\"https:\\\/\\\/vejerproperties.com\\\/es\\\/privacy\\\/\",\"name\":\"Privacy - De la Luz Properties\",\"isPartOf\":{\"@id\":\"https:\\\/\\\/vejerproperties.com\\\/es\\\/#website\"},\"datePublished\":\"2016-03-10T18:52:12+00:00\",\"dateModified\":\"2023-11-15T20:28:04+00:00\",\"breadcrumb\":{\"@id\":\"https:\\\/\\\/vejerproperties.com\\\/es\\\/privacy\\\/#breadcrumb\"},\"inLanguage\":\"es\",\"potentialAction\":[{\"@type\":\"ReadAction\",\"target\":[\"https:\\\/\\\/vejerproperties.com\\\/es\\\/privacy\\\/\"]}]},{\"@type\":\"BreadcrumbList\",\"@id\":\"https:\\\/\\\/vejerproperties.com\\\/es\\\/privacy\\\/#breadcrumb\",\"itemListElement\":[{\"@type\":\"ListItem\",\"position\":1,\"name\":\"Home\",\"item\":\"https:\\\/\\\/vejerproperties.com\\\/es\\\/\"},{\"@type\":\"ListItem\",\"position\":2,\"name\":\"Privacy\"}]},{\"@type\":\"WebSite\",\"@id\":\"https:\\\/\\\/vejerproperties.com\\\/es\\\/#website\",\"url\":\"https:\\\/\\\/vejerproperties.com\\\/es\\\/\",\"name\":\"De la Luz Properties\",\"description\":\"Spanish Estate Agent\",\"publisher\":{\"@id\":\"https:\\\/\\\/vejerproperties.com\\\/es\\\/#organization\"},\"potentialAction\":[{\"@type\":\"SearchAction\",\"target\":{\"@type\":\"EntryPoint\",\"urlTemplate\":\"https:\\\/\\\/vejerproperties.com\\\/es\\\/?s={search_term_string}\"},\"query-input\":{\"@type\":\"PropertyValueSpecification\",\"valueRequired\":true,\"valueName\":\"search_term_string\"}}],\"inLanguage\":\"es\"},{\"@type\":\"Organization\",\"@id\":\"https:\\\/\\\/vejerproperties.com\\\/es\\\/#organization\",\"name\":\"De la Luz Properties\",\"url\":\"https:\\\/\\\/vejerproperties.com\\\/es\\\/\",\"logo\":{\"@type\":\"ImageObject\",\"inLanguage\":\"es\",\"@id\":\"https:\\\/\\\/vejerproperties.com\\\/es\\\/#\\\/schema\\\/logo\\\/image\\\/\",\"url\":\"https:\\\/\\\/vejerproperties.com\\\/wp-content\\\/uploads\\\/2018\\\/02\\\/de-la-luz-logo.png\",\"contentUrl\":\"https:\\\/\\\/vejerproperties.com\\\/wp-content\\\/uploads\\\/2018\\\/02\\\/de-la-luz-logo.png\",\"width\":181,\"height\":71,\"caption\":\"De la Luz Properties\"},\"image\":{\"@id\":\"https:\\\/\\\/vejerproperties.com\\\/es\\\/#\\\/schema\\\/logo\\\/image\\\/\"}}]}<\/script>\n<!-- \/ Yoast SEO plugin. -->","yoast_head_json":{"title":"Privacy - De la Luz Properties","robots":{"index":"index","follow":"follow","max-snippet":"max-snippet:-1","max-image-preview":"max-image-preview:large","max-video-preview":"max-video-preview:-1"},"canonical":"https:\/\/vejerproperties.com\/es\/privacy\/","og_locale":"es_ES","og_type":"article","og_title":"Privacy - De la Luz Properties","og_description":"Pol\u00edtica de privacidad En esta declaraci\u00f3n de privacidad explicaremos qu\u00e9 datos personales recopilamos de los usuarios y c\u00f3mo los utilizamos. Le invitamos a leer detenidamente estos t\u00e9rminos antes de facilitarnos sus datos personales en esta web. Es preciso advertir que esta Pol\u00edtica de Privacidad podr\u00eda variar en funci\u00f3n de exigencias legislativas o de autorregulaci\u00f3n, por [&hellip;]","og_url":"https:\/\/vejerproperties.com\/es\/privacy\/","og_site_name":"De la Luz Properties","article_modified_time":"2023-11-15T20:28:04+00:00","twitter_card":"summary_large_image","twitter_misc":{"Tiempo de lectura":"7 minutos"},"schema":{"@context":"https:\/\/schema.org","@graph":[{"@type":"WebPage","@id":"https:\/\/vejerproperties.com\/es\/privacy\/","url":"https:\/\/vejerproperties.com\/es\/privacy\/","name":"Privacy - De la Luz Properties","isPartOf":{"@id":"https:\/\/vejerproperties.com\/es\/#website"},"datePublished":"2016-03-10T18:52:12+00:00","dateModified":"2023-11-15T20:28:04+00:00","breadcrumb":{"@id":"https:\/\/vejerproperties.com\/es\/privacy\/#breadcrumb"},"inLanguage":"es","potentialAction":[{"@type":"ReadAction","target":["https:\/\/vejerproperties.com\/es\/privacy\/"]}]},{"@type":"BreadcrumbList","@id":"https:\/\/vejerproperties.com\/es\/privacy\/#breadcrumb","itemListElement":[{"@type":"ListItem","position":1,"name":"Home","item":"https:\/\/vejerproperties.com\/es\/"},{"@type":"ListItem","position":2,"name":"Privacy"}]},{"@type":"WebSite","@id":"https:\/\/vejerproperties.com\/es\/#website","url":"https:\/\/vejerproperties.com\/es\/","name":"De la Luz Properties","description":"Spanish Estate Agent","publisher":{"@id":"https:\/\/vejerproperties.com\/es\/#organization"},"potentialAction":[{"@type":"SearchAction","target":{"@type":"EntryPoint","urlTemplate":"https:\/\/vejerproperties.com\/es\/?s={search_term_string}"},"query-input":{"@type":"PropertyValueSpecification","valueRequired":true,"valueName":"search_term_string"}}],"inLanguage":"es"},{"@type":"Organization","@id":"https:\/\/vejerproperties.com\/es\/#organization","name":"De la Luz Properties","url":"https:\/\/vejerproperties.com\/es\/","logo":{"@type":"ImageObject","inLanguage":"es","@id":"https:\/\/vejerproperties.com\/es\/#\/schema\/logo\/image\/","url":"https:\/\/vejerproperties.com\/wp-content\/uploads\/2018\/02\/de-la-luz-logo.png","contentUrl":"https:\/\/vejerproperties.com\/wp-content\/uploads\/2018\/02\/de-la-luz-logo.png","width":181,"height":71,"caption":"De la Luz Properties"},"image":{"@id":"https:\/\/vejerproperties.com\/es\/#\/schema\/logo\/image\/"}}]}},"_links":{"self":[{"href":"https:\/\/vejerproperties.com\/es\/wp-json\/wp\/v2\/pages\/6432","targetHints":{"allow":["GET"]}}],"collection":[{"href":"https:\/\/vejerproperties.com\/es\/wp-json\/wp\/v2\/pages"}],"about":[{"href":"https:\/\/vejerproperties.com\/es\/wp-json\/wp\/v2\/types\/page"}],"author":[{"embeddable":true,"href":"https:\/\/vejerproperties.com\/es\/wp-json\/wp\/v2\/users\/1"}],"replies":[{"embeddable":true,"href":"https:\/\/vejerproperties.com\/es\/wp-json\/wp\/v2\/comments?post=6432"}],"version-history":[{"count":4,"href":"https:\/\/vejerproperties.com\/es\/wp-json\/wp\/v2\/pages\/6432\/revisions"}],"predecessor-version":[{"id":11099,"href":"https:\/\/vejerproperties.com\/es\/wp-json\/wp\/v2\/pages\/6432\/revisions\/11099"}],"wp:attachment":[{"href":"https:\/\/vejerproperties.com\/es\/wp-json\/wp\/v2\/media?parent=6432"}],"curies":[{"name":"wp","href":"https:\/\/api.w.org\/{rel}","templated":true}]}}